{"id":1019,"date":"2021-05-21T17:20:42","date_gmt":"2021-05-21T15:20:42","guid":{"rendered":"https:\/\/mimpu-akademie.de\/?page_id=1019"},"modified":"2025-07-21T11:57:14","modified_gmt":"2025-07-21T09:57:14","slug":"training","status":"publish","type":"page","link":"https:\/\/mimpu-akademie.de\/index.php\/training\/","title":{"rendered":"MIMPU &#8211; TRAINING"},"content":{"rendered":"\n\n\t\t\t\t<img loading=\"lazy\" src=\"https:\/\/mimpu-akademie.de\/wp-content\/uploads\/2021\/05\/MIMPU_TRAINING_2.png\" alt=\"MIMPU_TRAINING_2\" itemprop=\"image\" height=\"172\" width=\"676\" title=\"MIMPU_TRAINING_2\" onerror=\"this.style.display='none'\"  \/>\n\t\t<h2>0%<\/h2>werteorientierte F\u00fchrung\n\tIst mein Stil noch zeitgem\u00e4\u00df?<br \/>\n\u00a0 \u00a0 \u00a0 \u00a0 \u00a0 \u00a0 Wie st\u00e4rke ich als F\u00fchrungskraft meine<br \/>\n\u00a0 \u00a0 \u00a0 \u00a0Future-Skills?\u00a0<br \/>\nWie entwickeln wir selbst\u00a0zukunftsorientierte Schl\u00fcsselkr\u00e4fte?<br \/>\nVertrauenskultur in der digitalen\u00a0 \u00a0 \u00a0 \u00a0 \u00a0 \u00a0 \u00a0 \u00a0 \u00a0 \u00a0Transformation\u00a0\n\t\t<h1>Relaunch aus \u00dcberzeugung: Die neue MIMPU-AKADEMIE ist da.<\/h1>\t\t\n\t\t\tWir haben alles hinterfragt.<br \/>\nJedes Konzept. Jedes Format. Jede Annahme.<br \/>\nWarum? Weil Zukunft radikal ist.\u00a0\n<p>&nbsp;<\/p>\nDie neuen Technologien ver\u00e4ndern alles &#8211; wie wir leben, arbeiten, lernen und f\u00fchren.<br \/>\nSie fordern uns heraus, gr\u00f6\u00dfer zu denken, tiefer zu f\u00fchlen und neu zu handeln.<br \/>\nGleichzeitig gilt es, nicht nur den Blick in die Zukunft zu richten, sondern die Vergangenheit und unsere zutiefst menschlichen, existentiellen Bed\u00fcrfnisse miteinzuschlie\u00dfen.<br \/>\nSchon immer stellten wir den Mensch in den Mittelpunkt. Schon immer waren uns Haltung und ein positives Zukunftsbild ein gro\u00dfes Anliegen. Nicht nur,&#8220; wenn die Sonne scheint&#8220;-entscheidend sind sie in schwierigen Zeiten. JETZT.\u00a0\n<p>&nbsp;<\/p>\n<b>Deshalb wird aus der MIMPU-AKADEMIE eine Plattform f\u00fcr Zukunftskompetenzen &#8211; von und<\/b><b> f\u00fcr Zukunftsgestalter:innen<\/b>.<br \/>\nF\u00fcr echte Leader, die nicht warten, sondern gestalten.<br \/>\nF\u00fcr Menschen, die Technologie als Werkzeug sehen &#8211; und den Menschen im Mittelpunkt behalten.\n\t\t<h3><\/h3>\t\t\n\t\t\t<p>Mit neuen Programmen, Produkten und KI gest\u00fctzten Tools &#8211; jenseits des Mainstreams.<\/p>\n<p>&nbsp;<\/p>\n<p>Unsere neue Initiative: &#8222;<strong>EinfachZukunftGestalten&#8220;<\/strong>.<\/p>\n\t\t\t\t<img loading=\"lazy\" src=\"https:\/\/mimpu-akademie.de\/wp-content\/uploads\/2025\/06\/EinfachZukunftGestalten_Logo-min.png\" alt=\"EinfachZukunftGestalten_Logo-min\" itemprop=\"image\" height=\"3203\" width=\"7602\" title=\"EinfachZukunftGestalten_Logo-min\" onerror=\"this.style.display='none'\"  \/>\n\t\t\t<a href=\"https:\/\/go.einfachzukunftgestalten.com\" target=\"_blank\" role=\"button\" rel=\"noopener\">\n\t\t\t\t\t\t\tMehr Informationen\n\t\t\t\t\t<\/a>\n<h2>\n\t\tREVOLUTION STATT RELAUNCH: WARUM WEITERBILDUNG VON GESTERN IHRE ZUKUNFT ZERST\u00d6RT\n\t<\/h2>\n\t<p>Letzte Woche erhielt ich eine ern\u00fcchternde Nachricht von einem (nun Neu-)Kunden: &#8222;Wir haben drei F\u00fchrungskr\u00e4fte-Trainings durchgef\u00fchrt. Die Bewertungen waren gut. Aber nichts hat sich ver\u00e4ndert.&#8220;\u00a0<\/p>\n<p>Diese Situation ist symptomatisch f\u00fcr ein tieferliegendes Problem: Wir bilden Menschen f\u00fcr eine Zukunft aus, die niemand kennt, mit Methoden von gestern.\u00a0<\/p>\n<p><b>Das Paradoxon der Future Skills<\/b>\u00a0<\/p>\n<p><b>Was wirklich fehlt: die Verbindung von Themen<\/b>\u00a0<\/p>\n<h2>\n\t\tWarum wir\n\t<\/h2>\n\t\n1.\u202fEin fundiertes Verst\u00e4ndnis von Zukunftsszenarien jenseits der Mainstream-Schlagzeilen<br \/>\n2.\u202fNeurowissenschaftliche Erkenntnisse \u00fcber menschliche Motivation und Ver\u00e4nderungsbereitschaft<br \/>\n3.\u202fPraktische F\u00fchrungserfahrung, die Theorie und Realit\u00e4t verbindet<br \/>\n4. Die Kompetenz, wirklich wirkungsvoll zu kommunizieren\u00a0\n<p>Diese Kombination ist selten &#8211; und genau deshalb so wertvoll. Besonders in generations\u00fcbergreifenden Teams, wo unterschiedliche Zukunftsbilder und Wertvorstellungen aufeinanderprallen.\u00a0<\/p>\n<p><b>Deshalb: neue Formate f\u00fcr echte Transformation<\/b>\u00a0<\/p>\n<h2>\n\t\tWas hei\u00dft das jetzt f\u00fcr Sie\n\t<\/h2>\n\t<p><b>Die unbequeme Wahrheit<\/b>\u00a0<\/p>\n<p>Die unbequeme Wahrheit ist: Wir k\u00f6nnen nicht in alten Mustern denken und gleichzeitig neue Ergebnisse erwarten. Echte Transformation erfordert den Mut, jenseits des Mainstreams zu denken und zu handeln.\u00a0<\/p>\n<p><b>Die Zukunft der Weiterbildung liegt nicht in perfekt produzierten Online-Kursen oder klassischen Seminaren. Sie liegt in Formaten, die Grenzen \u00fcberschreiten &#8211; zwischen Generationen, zwischen Disziplinen und zwischen gewohnten Denkmustern.<\/b>\u00a0<\/p>\n\t\t\t<a href=\"mailto:info@mimpu.de\" target=\"_blank\" role=\"button\" rel=\"noopener\">\n\t\t\t\t\t\t\tVereinbaren Sie ein kostenloses Gespr\u00e4ch\n\t\t\t\t\t<\/a>\n\t<h3>\n\t\t\t\tWer Zukunft gestalten will, muss heute anders f\u00fchren.\n\t\t\t<\/h3>\n\t\t\t\t\t\t<h4 tabindex=\"0\">WIE GEHEN WIR IM MIMPU-TRAINING vor<\/h4>\n\t\t\t<p>Im Vordergrund steht bei uns folgende Zukunftskompetenzen:<\/p>\n<ul>\n<li><b>Pers\u00f6nlichkeitsentwicklung<\/b><\/li>\n<li><strong>F\u00fchrung auf einem neuen Level<\/strong><\/li>\n<li><b>Existentielle Grundmotivationen<\/b><\/li>\n<li><b>NEW WORK (<\/b><b>Konzepte neuer Zusammenarbeit)<\/b><\/li>\n<li><strong>KI-gest\u00fctzte Tools<\/strong><\/li>\n<\/ul>\n<p>Diese bauen wir auf den 4 S\u00e4ulen der Grundmotivation (Sinn, Wert, Vertrauen, Emotionen) auf und stellen den Mensch in den Mittelpunkt.\u00a0<\/p>\n<p>Daraus haben wir f\u00fcr Sie Formate, Seminare, Workshops, und MeetUps entwickelt, die Sie in den unterschiedlichen Anspr\u00fcchen schulen werden.\u00a0<\/p>\n\t\t\t\t\t\t<h4 tabindex=\"0\">Warum TRAINING<\/h4>\n\t\t\t<p>Wir integrieren die Gesch\u00e4ftsleitung am Menschen um Prozess zu erm\u00f6glichen,\u00a0weil wir Wirkung statt Wirbel erzielen wollen und uns als\u00a0Br\u00fcckenbauer verstehen.<\/p>\n<p>Mit der Erfahrung von 20 Jahren Weiterbildung in Pers\u00f6nlichkeitsentwicklung und Besch\u00e4ftigung in den Bereichen Ver\u00e4nderung, Sinn, Verantwortung, Freiheit, Respekt und deren Bedeutung f\u00fcr F\u00fchrung und Management, verbinden wir das Beste aus unterschiedlichen \u201eWelten&#8220; speziell um Sie existentieller F\u00fchrung n\u00e4her zu bringen.\u00a0<\/p>\n\t\t\t\t\t\t<h4 tabindex=\"0\">Apropos!<\/h4>\n\t\t\t<p>Ganz entscheidend wird die Kultur gepr\u00e4gt von der pers\u00f6nlichen Haltung des Unternehmenslenkers und dem Menschenbild, das von den F\u00fchrungskr\u00e4ften gelebt wird. Zusammen mit unserer Schwester-Initiative \u201eceos-for-future&#8220;\u00a0entwickeln wir einzigartige Formate, in denen wir Unternehmenswerte f\u00fcr Mitarbeiter und Stakeholder durch den Unternehmenslenker erlebbar machen.<\/p>\n<p>Authentisch und leidenschaftlich.<\/p>\n\t\t\t\t\t\t<h4 tabindex=\"0\">Wie gehen Sie nun vor?<\/h4>\n\t\t\t<p>Fragen Sie uns nach unserem Programm und wir senden Ihnen unverbindlich unser Portfolio zu, in dem wir Sie gerne beraten, das passende Seminar, ein wirkungsvollen Workshop oder sogar Modul -Format zu w\u00e4hlen.\u00a0<\/p>\n\n<p>Bleiben Sie Authentisch\u00a0<\/p>\n\t\t\t<a href=\"mailto:info@mimpu.de\" target=\"_self\" role=\"button\" rel=\"noopener\">\n\t\t\t\t\t\tPortfolio anfordern\n\t\t\t\t\t<\/a>\n\t\t\t<a href=\"https:\/\/mimpu-akademie.de\/index.php\/consulting\/\" target=\"_self\" role=\"button\" rel=\"noopener\">\n\t\t\t\t\t\tMIMPU &#8211; CONSULTING\n\t\t\t\t\t<\/a>\n\t\t\t<a href=\"https:\/\/mimpu-akademie.de\/index.php\/experten\/\" target=\"_self\" role=\"button\" rel=\"noopener\">\n\t\t\t\t\t\tExperten Team\n\t\t\t\t\t<\/a>\n\t<h2>\n\t\t\t\tEINBLICK IN UNSER TUN\n\t\t\t<\/h2>\n\t\t\t\t<img src=\"https:\/\/mimpu-akademie.de\/wp-content\/uploads\/2020\/06\/MIMPU_LOGO_SYMPOL-DICK-klein.jpg\" alt=\"MIMPU_LOGO_SYMPOL DICK klein\" title=\"MIMPU_LOGO_SYMPOL DICK klein\" itemprop=\"image\"\/>\n\t\t\t\t<img loading=\"lazy\" src=\"https:\/\/mimpu-akademie.de\/wp-content\/uploads\/2018\/02\/beceo_mit_Langenscheidt.jpg\" alt=\"beceo_mit_Langenscheidt\" itemprop=\"image\" height=\"664\" width=\"1000\" title=\"beceo_mit_Langenscheidt\" onerror=\"this.style.display='none'\"  \/>\n\t<h3>\n\t\t\t\tIst Ihr Unternehmen dabei?\n\t\t\t<\/h3>\n\t\t\t<p>Werden Sie Zukunftsgestalter:in! Seien Sie mittendrin statt nur dabei.<\/p>\n<p>Erhalten Sie einen einzigartigen Zugang zu einem interdisziplin\u00e4ren, vorausgew\u00e4hlten Pool von TOP-Talenten, die Wirtschaft mitgestalten wollen.<\/p>\nSie gewinnen\u00a0Mehr-Wert in \u00fcberzeugender Weise.<br \/>\n<br \/>\n\t\t\t<a href=\"mailto:info@beceo.global\" target=\"_self\" role=\"button\" rel=\"noopener\">\n\t\t\t\t\t\tJETZT MEHR ERFAHREN\n\t\t\t\t\t<\/a>\n\t\t\t\t<img loading=\"lazy\" src=\"https:\/\/mimpu-akademie.de\/wp-content\/uploads\/2017\/10\/beceo_mitgestalten.jpg\" alt=\"beceo_mitgestalten\" itemprop=\"image\" height=\"400\" width=\"600\" title=\"beceo_mitgestalten\" onerror=\"this.style.display='none'\"  \/>\n\t<h3>\n\t\t\t\tDu willst mitgestalten?\n\t\t\t<\/h3>\n\t\t\t<p>Du\u00a0studierst\u00a0und\u00a0interessierst Dich daf\u00fcr, sp\u00e4ter F\u00fchrungsverantwortung zu \u00fcbernehmen? Du willst in Unternehmen arbeiten, die innovativ sind, Dir schon fr\u00fch Verantwortung \u00fcbertragen? Und die eine werteorientierte Unternehmenskultur glaubw\u00fcrdig demonstrieren?Dann passt Du zu uns. Bewirb Dich bei uns! Jetzt &#8211; per Mail oder Video.<\/p>\t\n\t\t\t<a href=\"mailto:info@beceo.global\" target=\"_self\" role=\"button\" rel=\"noopener\">\n\t\t\t\t\t\tJETZT MEHR ERFAHREN\n\t\t\t\t\t<\/a>\n\t\t\t\t<img loading=\"lazy\" src=\"https:\/\/mimpu-akademie.de\/wp-content\/uploads\/2017\/10\/beceo_ist-ihr-unternehmen-dabei.jpg\" alt=\"beceo_ist-ihr-unternehmen-dabei\" itemprop=\"image\" height=\"400\" width=\"600\" title=\"beceo_ist-ihr-unternehmen-dabei\" onerror=\"this.style.display='none'\"  \/>\n\t<h3>\n\t\t\t\tSpurwechsel angesagt?\n\t\t\t<\/h3>\n\t\t\t<p>Du hast Dein Studium nicht beendet? Wir m\u00f6gen den Begriff &#8222;Studienabbrecher&#8220; nicht &#8211; Du auch nicht?Manchmal muss man die Blickrichtung \u00e4ndern, um den Sinn zu verstehen. Wir gehen davon aus, dass Du engagiert bist, aber neue Perspektiven brauchst. Vielleicht hast Du Dein wahres Talent einfach noch nicht erkannt?<\/p>\t\n\t\t\t<a href=\"mailto:info@beceo.global\" target=\"_self\" role=\"button\" rel=\"noopener\">\n\t\t\t\t\t\tJETZT MEHR ERFAHREN\n\t\t\t\t\t<\/a>\n\t\t\t\t<img loading=\"lazy\" src=\"https:\/\/mimpu-akademie.de\/wp-content\/uploads\/2019\/05\/openloft-150x150.jpg\" alt=\"openloft-150x150\" itemprop=\"image\" height=\"150\" width=\"150\" title=\"openloft-150x150\" onerror=\"this.style.display='none'\"  \/>\n\t<h2>\n\t\t\t\tNEUGIERIG?\n\t\t\t<\/h2>\n\t\t\t<p>dann einfach bei unserem \u00f6ffentlichen #OPENLOFT anmelden\u00a0<\/p>\t\n\t\t\t<a href=\"https:\/\/mimpu-akademie.de\/index.php\/seminarcircle\/\" target=\"_self\" role=\"button\" rel=\"noopener\">\n\t\t\t\t\t\tTERMINE\n\t\t\t\t\t<\/a>\n\n","protected":false},"excerpt":{"rendered":"<p>0% werteorientierte F\u00fchrung Ist mein Stil noch zeitgem\u00e4\u00df? \u00a0 \u00a0 \u00a0 \u00a0 \u00a0 \u00a0 Wie st\u00e4rke ich als F\u00fchrungskraft meine \u00a0 \u00a0 \u00a0 \u00a0Future-Skills?\u00a0 Wie entwickeln wir selbst\u00a0zukunftsorientierte Schl\u00fcsselkr\u00e4fte? Vertrauenskultur in der digitalen\u00a0 \u00a0 \u00a0 \u00a0 \u00a0 \u00a0 \u00a0 \u00a0 \u00a0 \u00a0Transformation\u00a0 Relaunch aus \u00dcberzeugung: Die neue MIMPU-AKADEMIE ist da. Wir haben alles hinterfragt. Jedes&hellip;<\/p>\n","protected":false},"author":2,"featured_media":0,"parent":0,"menu_order":0,"comment_status":"closed","ping_status":"closed","template":"","meta":[],"yoast_head":"<!-- This site is optimized with the Yoast SEO plugin v19.8 - https:\/\/yoast.com\/wordpress\/plugins\/seo\/ -->\n<title>MIMPU - TRAINING - MIMPU AKADEMIE<\/title>\n<meta name=\"robots\" content=\"index, follow, max-snippet:-1, max-image-preview:large, max-video-preview:-1\" \/>\n<link rel=\"canonical\" href=\"https:\/\/mimpu-akademie.de\/index.php\/training\/\" \/>\n<meta property=\"og:locale\" content=\"de_DE\" \/>\n<meta property=\"og:type\" content=\"article\" \/>\n<meta property=\"og:title\" content=\"MIMPU - TRAINING - MIMPU AKADEMIE\" \/>\n<meta property=\"og:description\" content=\"0% werteorientierte F\u00fchrung Ist mein Stil noch zeitgem\u00e4\u00df? \u00a0 \u00a0 \u00a0 \u00a0 \u00a0 \u00a0 Wie st\u00e4rke ich als F\u00fchrungskraft meine \u00a0 \u00a0 \u00a0 \u00a0Future-Skills?\u00a0 Wie entwickeln wir selbst\u00a0zukunftsorientierte Schl\u00fcsselkr\u00e4fte? Vertrauenskultur in der digitalen\u00a0 \u00a0 \u00a0 \u00a0 \u00a0 \u00a0 \u00a0 \u00a0 \u00a0 \u00a0Transformation\u00a0 Relaunch aus \u00dcberzeugung: Die neue MIMPU-AKADEMIE ist da. Wir haben alles hinterfragt. Jedes&hellip;\" \/>\n<meta property=\"og:url\" content=\"https:\/\/mimpu-akademie.de\/index.php\/training\/\" \/>\n<meta property=\"og:site_name\" content=\"MIMPU AKADEMIE\" \/>\n<meta property=\"article:publisher\" content=\"https:\/\/www.facebook.com\/beceoglobal\/\" \/>\n<meta property=\"article:modified_time\" content=\"2025-07-21T09:57:14+00:00\" \/>\n<meta property=\"og:image\" content=\"https:\/\/mimpu-akademie.de\/wp-content\/uploads\/2021\/05\/MIMPU_TRAINING_2.png\" \/>\n<meta name=\"twitter:card\" content=\"summary_large_image\" \/>\n<meta name=\"twitter:label1\" content=\"Gesch\u00e4tzte Lesezeit\" \/>\n\t<meta name=\"twitter:data1\" content=\"4\u00a0Minuten\" \/>\n<script type=\"application\/ld+json\" class=\"yoast-schema-graph\">{\"@context\":\"https:\/\/schema.org\",\"@graph\":[{\"@type\":\"WebPage\",\"@id\":\"https:\/\/mimpu-akademie.de\/index.php\/training\/\",\"url\":\"https:\/\/mimpu-akademie.de\/index.php\/training\/\",\"name\":\"MIMPU - TRAINING - MIMPU AKADEMIE\",\"isPartOf\":{\"@id\":\"https:\/\/mimpu-akademie.de\/#website\"},\"datePublished\":\"2021-05-21T15:20:42+00:00\",\"dateModified\":\"2025-07-21T09:57:14+00:00\",\"breadcrumb\":{\"@id\":\"https:\/\/mimpu-akademie.de\/index.php\/training\/#breadcrumb\"},\"inLanguage\":\"de\",\"potentialAction\":[{\"@type\":\"ReadAction\",\"target\":[\"https:\/\/mimpu-akademie.de\/index.php\/training\/\"]}]},{\"@type\":\"BreadcrumbList\",\"@id\":\"https:\/\/mimpu-akademie.de\/index.php\/training\/#breadcrumb\",\"itemListElement\":[{\"@type\":\"ListItem\",\"position\":1,\"name\":\"Startseite\",\"item\":\"https:\/\/mimpu-akademie.de\/\"},{\"@type\":\"ListItem\",\"position\":2,\"name\":\"MIMPU &#8211; TRAINING\"}]},{\"@type\":\"WebSite\",\"@id\":\"https:\/\/mimpu-akademie.de\/#website\",\"url\":\"https:\/\/mimpu-akademie.de\/\",\"name\":\"MIMPU AKADEMIE\",\"description\":\"\",\"publisher\":{\"@id\":\"https:\/\/mimpu-akademie.de\/#organization\"},\"potentialAction\":[{\"@type\":\"SearchAction\",\"target\":{\"@type\":\"EntryPoint\",\"urlTemplate\":\"https:\/\/mimpu-akademie.de\/?s={search_term_string}\"},\"query-input\":\"required name=search_term_string\"}],\"inLanguage\":\"de\"},{\"@type\":\"Organization\",\"@id\":\"https:\/\/mimpu-akademie.de\/#organization\",\"name\":\"MIMPU AKADEMIE\",\"url\":\"https:\/\/mimpu-akademie.de\/\",\"sameAs\":[\"https:\/\/www.facebook.com\/beceoglobal\/\"],\"logo\":{\"@type\":\"ImageObject\",\"inLanguage\":\"de\",\"@id\":\"https:\/\/mimpu-akademie.de\/#\/schema\/logo\/image\/\",\"url\":\"https:\/\/mimpu-akademie.de\/wp-content\/uploads\/2020\/02\/MIMPU_LOGO_MENSCH.png\",\"contentUrl\":\"https:\/\/mimpu-akademie.de\/wp-content\/uploads\/2020\/02\/MIMPU_LOGO_MENSCH.png\",\"width\":4001,\"height\":1175,\"caption\":\"MIMPU AKADEMIE\"},\"image\":{\"@id\":\"https:\/\/mimpu-akademie.de\/#\/schema\/logo\/image\/\"}}]}<\/script>\n<!-- \/ Yoast SEO plugin. -->","yoast_head_json":{"title":"MIMPU - TRAINING - MIMPU AKADEMIE","robots":{"index":"index","follow":"follow","max-snippet":"max-snippet:-1","max-image-preview":"max-image-preview:large","max-video-preview":"max-video-preview:-1"},"canonical":"https:\/\/mimpu-akademie.de\/index.php\/training\/","og_locale":"de_DE","og_type":"article","og_title":"MIMPU - TRAINING - MIMPU AKADEMIE","og_description":"0% werteorientierte F\u00fchrung Ist mein Stil noch zeitgem\u00e4\u00df? \u00a0 \u00a0 \u00a0 \u00a0 \u00a0 \u00a0 Wie st\u00e4rke ich als F\u00fchrungskraft meine \u00a0 \u00a0 \u00a0 \u00a0Future-Skills?\u00a0 Wie entwickeln wir selbst\u00a0zukunftsorientierte Schl\u00fcsselkr\u00e4fte? Vertrauenskultur in der digitalen\u00a0 \u00a0 \u00a0 \u00a0 \u00a0 \u00a0 \u00a0 \u00a0 \u00a0 \u00a0Transformation\u00a0 Relaunch aus \u00dcberzeugung: Die neue MIMPU-AKADEMIE ist da. Wir haben alles hinterfragt. Jedes&hellip;","og_url":"https:\/\/mimpu-akademie.de\/index.php\/training\/","og_site_name":"MIMPU AKADEMIE","article_publisher":"https:\/\/www.facebook.com\/beceoglobal\/","article_modified_time":"2025-07-21T09:57:14+00:00","og_image":[{"url":"https:\/\/mimpu-akademie.de\/wp-content\/uploads\/2021\/05\/MIMPU_TRAINING_2.png"}],"twitter_card":"summary_large_image","twitter_misc":{"Gesch\u00e4tzte Lesezeit":"4\u00a0Minuten"},"schema":{"@context":"https:\/\/schema.org","@graph":[{"@type":"WebPage","@id":"https:\/\/mimpu-akademie.de\/index.php\/training\/","url":"https:\/\/mimpu-akademie.de\/index.php\/training\/","name":"MIMPU - TRAINING - MIMPU AKADEMIE","isPartOf":{"@id":"https:\/\/mimpu-akademie.de\/#website"},"datePublished":"2021-05-21T15:20:42+00:00","dateModified":"2025-07-21T09:57:14+00:00","breadcrumb":{"@id":"https:\/\/mimpu-akademie.de\/index.php\/training\/#breadcrumb"},"inLanguage":"de","potentialAction":[{"@type":"ReadAction","target":["https:\/\/mimpu-akademie.de\/index.php\/training\/"]}]},{"@type":"BreadcrumbList","@id":"https:\/\/mimpu-akademie.de\/index.php\/training\/#breadcrumb","itemListElement":[{"@type":"ListItem","position":1,"name":"Startseite","item":"https:\/\/mimpu-akademie.de\/"},{"@type":"ListItem","position":2,"name":"MIMPU &#8211; TRAINING"}]},{"@type":"WebSite","@id":"https:\/\/mimpu-akademie.de\/#website","url":"https:\/\/mimpu-akademie.de\/","name":"MIMPU AKADEMIE","description":"","publisher":{"@id":"https:\/\/mimpu-akademie.de\/#organization"},"potentialAction":[{"@type":"SearchAction","target":{"@type":"EntryPoint","urlTemplate":"https:\/\/mimpu-akademie.de\/?s={search_term_string}"},"query-input":"required name=search_term_string"}],"inLanguage":"de"},{"@type":"Organization","@id":"https:\/\/mimpu-akademie.de\/#organization","name":"MIMPU AKADEMIE","url":"https:\/\/mimpu-akademie.de\/","sameAs":["https:\/\/www.facebook.com\/beceoglobal\/"],"logo":{"@type":"ImageObject","inLanguage":"de","@id":"https:\/\/mimpu-akademie.de\/#\/schema\/logo\/image\/","url":"https:\/\/mimpu-akademie.de\/wp-content\/uploads\/2020\/02\/MIMPU_LOGO_MENSCH.png","contentUrl":"https:\/\/mimpu-akademie.de\/wp-content\/uploads\/2020\/02\/MIMPU_LOGO_MENSCH.png","width":4001,"height":1175,"caption":"MIMPU AKADEMIE"},"image":{"@id":"https:\/\/mimpu-akademie.de\/#\/schema\/logo\/image\/"}}]}},"_links":{"self":[{"href":"https:\/\/mimpu-akademie.de\/index.php\/wp-json\/wp\/v2\/pages\/1019"}],"collection":[{"href":"https:\/\/mimpu-akademie.de\/index.php\/wp-json\/wp\/v2\/pages"}],"about":[{"href":"https:\/\/mimpu-akademie.de\/index.php\/wp-json\/wp\/v2\/types\/page"}],"author":[{"embeddable":true,"href":"https:\/\/mimpu-akademie.de\/index.php\/wp-json\/wp\/v2\/users\/2"}],"replies":[{"embeddable":true,"href":"https:\/\/mimpu-akademie.de\/index.php\/wp-json\/wp\/v2\/comments?post=1019"}],"version-history":[{"count":25,"href":"https:\/\/mimpu-akademie.de\/index.php\/wp-json\/wp\/v2\/pages\/1019\/revisions"}],"predecessor-version":[{"id":1359,"href":"https:\/\/mimpu-akademie.de\/index.php\/wp-json\/wp\/v2\/pages\/1019\/revisions\/1359"}],"wp:attachment":[{"href":"https:\/\/mimpu-akademie.de\/index.php\/wp-json\/wp\/v2\/media?parent=1019"}],"curies":[{"name":"wp","href":"https:\/\/api.w.org\/{rel}","templated":true}]}}