{"id":1061,"date":"2021-07-15T16:14:20","date_gmt":"2021-07-15T14:14:20","guid":{"rendered":"https:\/\/mimpu-akademie.de\/?page_id=1061"},"modified":"2021-08-16T10:18:18","modified_gmt":"2021-08-16T08:18:18","slug":"mimpu-blog","status":"publish","type":"page","link":"https:\/\/mimpu-akademie.de\/index.php\/mimpu-blog\/","title":{"rendered":"BLOG"},"content":{"rendered":"\n<h2>\n\t\t\t\tMIMPU-AKADEMIE BLOG \n\t\t\t<\/h2>\n\t<p>In dem Blog der MIMPU-AKAKDEMIE finden Sie Fachartikel, Interviews und Beitr\u00e4ge rund um das Thema werteorientierte Wirtschaft und Weiterbildung.<\/p>\n<p>Unser aktuellen Artikel:<\/p>\n\n\t<h2>\n\t\t\t\tbeceo\n\t\t\t<\/h2>\n\t\t<p>beCeo &#8211; Rund um die Themen, die die Unternehmenslenker von heute besch\u00e4ftigen.<\/p>\t\n\t<h2>\n\t\t\t\tbeyou\n\t\t\t<\/h2>\n\t\t<p>beYou &#8211; Rund um die Themen, die die Top-Performer*innen und Leistungstr\u00e4ger*innen von heute besch\u00e4ftigen.<\/p>\t\n\t<h2>\n\t\t\t\tbeTalent\n\t\t\t<\/h2>\n\t\t<p>beTalent &#8211; Die Themen, zum Durchstarten f\u00fcr die Talente der NextGeneration.<\/p>\t\n\t\t\t\t<img src=\"https:\/\/mimpu-akademie.de\/wp-content\/uploads\/2019\/05\/III1093.jpg\" alt=\"III1093\" itemprop=\"image\" title=\"III1093\" onerror=\"this.style.display='none'\">\n\t<p>&#8222;Ich bin&nbsp;Birgit Bilger&nbsp;und spezialisiert auf werteorientierte Unternehmensberatung f\u00fcr zukunftsf\u00e4hige Personal- und Organisationsentwicklung und Initiatorin einer Community f\u00fcr Entscheider.<\/p>\n<p>Als erster Aus-und Weiterbildungsanbieter verbinden wir moderne, innovative Managementmethoden mit werteorientierter Pers\u00f6nlichkeitsentwicklung und sofortigem Transfer in die Praxis.&#8220;<\/p>\n\t<p>&#8222;Mit unserem&nbsp;Team&nbsp;gestalten wir&nbsp;Wirtschaft werteorientiert und sind in der Unterst\u00fctzung von Unternehmen und in der Qualifizierung von Schl\u00fcsselkr\u00e4ften t\u00e4tig.<\/p>\n<p>Wir bieten Ihnen ein Programm, in dem wir in modernen, zielgruppenorientierten Formaten von Beginn an den Menschen in den Mittelpunkt stellen und ihn unterst\u00fctzen, F\u00fchrung an den Herausforderungen einer sich ver\u00e4ndernden Wirtschaft und den Bed\u00fcrfnissen der Menschen auszurichten.&#8220;<\/p>\n<p>Gr\u00fcnderin der MIMPU Akademie und der beCeo &#8211; The Global Shift KG<\/p>\n\t<h2>\n\t\t\t\tMANAGEN &lt;-&gt; F\u00dcHREN.\n\t\t\t<\/h2>\n\t<h1>\n\t\t\t\tWIRTSCHAFT MENSCHLICHER MACHEN.\n\t\t\t<\/h1>\n\t\t\t<a href=\"\/index.php\/home\/kontakt\/\" target=\"_self\" role=\"button\" rel=\"noopener\">\n\t\t\t\t\t\tKOSTENLOSE DIALOG RUNDE BUCHEN \n\t\t\t\t\t<\/a>\n","protected":false},"excerpt":{"rendered":"<p>MIMPU-AKADEMIE BLOG In dem Blog der MIMPU-AKAKDEMIE finden Sie Fachartikel, Interviews und Beitr\u00e4ge rund um das Thema werteorientierte Wirtschaft und Weiterbildung. Unser aktuellen Artikel: beceo beCeo &#8211; Rund um die Themen, die die Unternehmenslenker von heute besch\u00e4ftigen. beyou beYou &#8211; Rund um die Themen, die die Top-Performer*innen und Leistungstr\u00e4ger*innen von heute besch\u00e4ftigen. beTalent beTalent &#8211;&hellip;<\/p>\n","protected":false},"author":2,"featured_media":0,"parent":0,"menu_order":0,"comment_status":"closed","ping_status":"closed","template":"","meta":[],"yoast_head":"<!-- This site is optimized with the Yoast SEO plugin v19.8 - https:\/\/yoast.com\/wordpress\/plugins\/seo\/ -->\n<title>BLOG - MIMPU AKADEMIE<\/title>\n<meta name=\"robots\" content=\"index, follow, max-snippet:-1, max-image-preview:large, max-video-preview:-1\" \/>\n<link rel=\"canonical\" href=\"https:\/\/mimpu-akademie.de\/index.php\/mimpu-blog\/\" \/>\n<meta property=\"og:locale\" content=\"de_DE\" \/>\n<meta property=\"og:type\" content=\"article\" \/>\n<meta property=\"og:title\" content=\"BLOG - MIMPU AKADEMIE\" \/>\n<meta property=\"og:description\" content=\"MIMPU-AKADEMIE BLOG In dem Blog der MIMPU-AKAKDEMIE finden Sie Fachartikel, Interviews und Beitr\u00e4ge rund um das Thema werteorientierte Wirtschaft und Weiterbildung. Unser aktuellen Artikel: beceo beCeo &#8211; Rund um die Themen, die die Unternehmenslenker von heute besch\u00e4ftigen. beyou beYou &#8211; Rund um die Themen, die die Top-Performer*innen und Leistungstr\u00e4ger*innen von heute besch\u00e4ftigen. beTalent beTalent &#8211;&hellip;\" \/>\n<meta property=\"og:url\" content=\"https:\/\/mimpu-akademie.de\/index.php\/mimpu-blog\/\" \/>\n<meta property=\"og:site_name\" content=\"MIMPU AKADEMIE\" \/>\n<meta property=\"article:publisher\" content=\"https:\/\/www.facebook.com\/beceoglobal\/\" \/>\n<meta property=\"article:modified_time\" content=\"2021-08-16T08:18:18+00:00\" \/>\n<meta property=\"og:image\" content=\"https:\/\/mimpu-akademie.de\/wp-content\/uploads\/2019\/05\/III1093.jpg\" \/>\n<meta name=\"twitter:card\" content=\"summary_large_image\" \/>\n<meta name=\"twitter:label1\" content=\"Gesch\u00e4tzte Lesezeit\" \/>\n\t<meta name=\"twitter:data1\" content=\"1\u00a0Minute\" \/>\n<script type=\"application\/ld+json\" class=\"yoast-schema-graph\">{\"@context\":\"https:\/\/schema.org\",\"@graph\":[{\"@type\":\"WebPage\",\"@id\":\"https:\/\/mimpu-akademie.de\/index.php\/mimpu-blog\/\",\"url\":\"https:\/\/mimpu-akademie.de\/index.php\/mimpu-blog\/\",\"name\":\"BLOG - MIMPU AKADEMIE\",\"isPartOf\":{\"@id\":\"https:\/\/mimpu-akademie.de\/#website\"},\"datePublished\":\"2021-07-15T14:14:20+00:00\",\"dateModified\":\"2021-08-16T08:18:18+00:00\",\"breadcrumb\":{\"@id\":\"https:\/\/mimpu-akademie.de\/index.php\/mimpu-blog\/#breadcrumb\"},\"inLanguage\":\"de\",\"potentialAction\":[{\"@type\":\"ReadAction\",\"target\":[\"https:\/\/mimpu-akademie.de\/index.php\/mimpu-blog\/\"]}]},{\"@type\":\"BreadcrumbList\",\"@id\":\"https:\/\/mimpu-akademie.de\/index.php\/mimpu-blog\/#breadcrumb\",\"itemListElement\":[{\"@type\":\"ListItem\",\"position\":1,\"name\":\"Startseite\",\"item\":\"https:\/\/mimpu-akademie.de\/\"},{\"@type\":\"ListItem\",\"position\":2,\"name\":\"BLOG\"}]},{\"@type\":\"WebSite\",\"@id\":\"https:\/\/mimpu-akademie.de\/#website\",\"url\":\"https:\/\/mimpu-akademie.de\/\",\"name\":\"MIMPU AKADEMIE\",\"description\":\"\",\"publisher\":{\"@id\":\"https:\/\/mimpu-akademie.de\/#organization\"},\"potentialAction\":[{\"@type\":\"SearchAction\",\"target\":{\"@type\":\"EntryPoint\",\"urlTemplate\":\"https:\/\/mimpu-akademie.de\/?s={search_term_string}\"},\"query-input\":\"required name=search_term_string\"}],\"inLanguage\":\"de\"},{\"@type\":\"Organization\",\"@id\":\"https:\/\/mimpu-akademie.de\/#organization\",\"name\":\"MIMPU AKADEMIE\",\"url\":\"https:\/\/mimpu-akademie.de\/\",\"sameAs\":[\"https:\/\/www.facebook.com\/beceoglobal\/\"],\"logo\":{\"@type\":\"ImageObject\",\"inLanguage\":\"de\",\"@id\":\"https:\/\/mimpu-akademie.de\/#\/schema\/logo\/image\/\",\"url\":\"https:\/\/mimpu-akademie.de\/wp-content\/uploads\/2020\/02\/MIMPU_LOGO_MENSCH.png\",\"contentUrl\":\"https:\/\/mimpu-akademie.de\/wp-content\/uploads\/2020\/02\/MIMPU_LOGO_MENSCH.png\",\"width\":4001,\"height\":1175,\"caption\":\"MIMPU AKADEMIE\"},\"image\":{\"@id\":\"https:\/\/mimpu-akademie.de\/#\/schema\/logo\/image\/\"}}]}<\/script>\n<!-- \/ Yoast SEO plugin. -->","yoast_head_json":{"title":"BLOG - MIMPU AKADEMIE","robots":{"index":"index","follow":"follow","max-snippet":"max-snippet:-1","max-image-preview":"max-image-preview:large","max-video-preview":"max-video-preview:-1"},"canonical":"https:\/\/mimpu-akademie.de\/index.php\/mimpu-blog\/","og_locale":"de_DE","og_type":"article","og_title":"BLOG - MIMPU AKADEMIE","og_description":"MIMPU-AKADEMIE BLOG In dem Blog der MIMPU-AKAKDEMIE finden Sie Fachartikel, Interviews und Beitr\u00e4ge rund um das Thema werteorientierte Wirtschaft und Weiterbildung. Unser aktuellen Artikel: beceo beCeo &#8211; Rund um die Themen, die die Unternehmenslenker von heute besch\u00e4ftigen. beyou beYou &#8211; Rund um die Themen, die die Top-Performer*innen und Leistungstr\u00e4ger*innen von heute besch\u00e4ftigen. beTalent beTalent &#8211;&hellip;","og_url":"https:\/\/mimpu-akademie.de\/index.php\/mimpu-blog\/","og_site_name":"MIMPU AKADEMIE","article_publisher":"https:\/\/www.facebook.com\/beceoglobal\/","article_modified_time":"2021-08-16T08:18:18+00:00","og_image":[{"url":"https:\/\/mimpu-akademie.de\/wp-content\/uploads\/2019\/05\/III1093.jpg"}],"twitter_card":"summary_large_image","twitter_misc":{"Gesch\u00e4tzte Lesezeit":"1\u00a0Minute"},"schema":{"@context":"https:\/\/schema.org","@graph":[{"@type":"WebPage","@id":"https:\/\/mimpu-akademie.de\/index.php\/mimpu-blog\/","url":"https:\/\/mimpu-akademie.de\/index.php\/mimpu-blog\/","name":"BLOG - MIMPU AKADEMIE","isPartOf":{"@id":"https:\/\/mimpu-akademie.de\/#website"},"datePublished":"2021-07-15T14:14:20+00:00","dateModified":"2021-08-16T08:18:18+00:00","breadcrumb":{"@id":"https:\/\/mimpu-akademie.de\/index.php\/mimpu-blog\/#breadcrumb"},"inLanguage":"de","potentialAction":[{"@type":"ReadAction","target":["https:\/\/mimpu-akademie.de\/index.php\/mimpu-blog\/"]}]},{"@type":"BreadcrumbList","@id":"https:\/\/mimpu-akademie.de\/index.php\/mimpu-blog\/#breadcrumb","itemListElement":[{"@type":"ListItem","position":1,"name":"Startseite","item":"https:\/\/mimpu-akademie.de\/"},{"@type":"ListItem","position":2,"name":"BLOG"}]},{"@type":"WebSite","@id":"https:\/\/mimpu-akademie.de\/#website","url":"https:\/\/mimpu-akademie.de\/","name":"MIMPU AKADEMIE","description":"","publisher":{"@id":"https:\/\/mimpu-akademie.de\/#organization"},"potentialAction":[{"@type":"SearchAction","target":{"@type":"EntryPoint","urlTemplate":"https:\/\/mimpu-akademie.de\/?s={search_term_string}"},"query-input":"required name=search_term_string"}],"inLanguage":"de"},{"@type":"Organization","@id":"https:\/\/mimpu-akademie.de\/#organization","name":"MIMPU AKADEMIE","url":"https:\/\/mimpu-akademie.de\/","sameAs":["https:\/\/www.facebook.com\/beceoglobal\/"],"logo":{"@type":"ImageObject","inLanguage":"de","@id":"https:\/\/mimpu-akademie.de\/#\/schema\/logo\/image\/","url":"https:\/\/mimpu-akademie.de\/wp-content\/uploads\/2020\/02\/MIMPU_LOGO_MENSCH.png","contentUrl":"https:\/\/mimpu-akademie.de\/wp-content\/uploads\/2020\/02\/MIMPU_LOGO_MENSCH.png","width":4001,"height":1175,"caption":"MIMPU AKADEMIE"},"image":{"@id":"https:\/\/mimpu-akademie.de\/#\/schema\/logo\/image\/"}}]}},"_links":{"self":[{"href":"https:\/\/mimpu-akademie.de\/index.php\/wp-json\/wp\/v2\/pages\/1061"}],"collection":[{"href":"https:\/\/mimpu-akademie.de\/index.php\/wp-json\/wp\/v2\/pages"}],"about":[{"href":"https:\/\/mimpu-akademie.de\/index.php\/wp-json\/wp\/v2\/types\/page"}],"author":[{"embeddable":true,"href":"https:\/\/mimpu-akademie.de\/index.php\/wp-json\/wp\/v2\/users\/2"}],"replies":[{"embeddable":true,"href":"https:\/\/mimpu-akademie.de\/index.php\/wp-json\/wp\/v2\/comments?post=1061"}],"version-history":[{"count":7,"href":"https:\/\/mimpu-akademie.de\/index.php\/wp-json\/wp\/v2\/pages\/1061\/revisions"}],"predecessor-version":[{"id":1078,"href":"https:\/\/mimpu-akademie.de\/index.php\/wp-json\/wp\/v2\/pages\/1061\/revisions\/1078"}],"wp:attachment":[{"href":"https:\/\/mimpu-akademie.de\/index.php\/wp-json\/wp\/v2\/media?parent=1061"}],"curies":[{"name":"wp","href":"https:\/\/api.w.org\/{rel}","templated":true}]}}