{"id":1223,"date":"2025-06-13T11:09:04","date_gmt":"2025-06-13T09:09:04","guid":{"rendered":"https:\/\/mimpu-akademie.de\/?page_id=1223"},"modified":"2025-06-18T15:50:54","modified_gmt":"2025-06-18T13:50:54","slug":"speaking","status":"publish","type":"page","link":"https:\/\/mimpu-akademie.de\/index.php\/speaking\/","title":{"rendered":"Speaking"},"content":{"rendered":"\n\n\t<h3>\n\t\t\t\tSPEAKING\n\t\t\t<\/h3>\n\t\t\t<p>JENSEITS DES MAINSTREAMS<\/p>\t\n\t<h2>\n\t\t\t\tUnsere\n\t\t\t<\/h2>\n\t\t\t\t<img src=\"https:\/\/mimpu-akademie.de\/wp-content\/uploads\/2020\/01\/MIMPU_LOGO_SYMPOL-ohne-MP-klein1--e1579780234865.jpg\" alt=\"MIMPU_LOGO_SYMPOL ohne MP klein1\" title=\"MIMPU_LOGO_SYMPOL ohne MP klein1\" itemprop=\"image\"\/>\n\t\t\t<p>Speaker:innen<\/p>\t\n\t\t\t\t<img src=\"https:\/\/mimpu-akademie.de\/wp-content\/uploads\/2025\/06\/2025_04_27_Birgit_Bilger_Foundersummit_Crop.jpg\" alt=\"Birgit Bilger Founder Summit\" title=\"2025_04_27_Birgit_Bilger_Foundersummit_Crop\" itemprop=\"image\"\/>\n\t\t\t<!-- END .front -->\n\t\t\t\t\t\t\t\t\t\t<h4><strong>Birgit Bilger  <br \/>&#8211; <br \/>KEYNOTE-SPEAKERIN<\/strong><\/h4>\n\t\t\t\t\t\t<p>Mehrfach ausgezeichnetInternationaler Speaker AwardMotivierend, philosophisch, vision\u00e4r<\/p>\t\t\t\t\t\n\t\t\t<!-- END .back -->\n\t\t <!-- ifb-flip-box -->\n\t <!-- flip-box -->\n\t\t\t\t<img src=\"https:\/\/mimpu-akademie.de\/wp-content\/uploads\/2025\/06\/Robert_Picture11.jpg\" alt=\"Robert Kaltenbrunner\" title=\"Robert_Picture11\" itemprop=\"image\"\/>\n\t\t\t<!-- END .front -->\n\t\t\t\t\t\t\t\t\t\t<h4><strong>Robert Kaltenbrunner<br \/>&#8211; <br \/>KEYNOTE-SPEAKER<\/strong><\/h4>\n\t\t\t\t\t\t<p>EngagiertKlarZukunftsorientiert<\/p>\t\t\t\t\t\n\t\t\t<!-- END .back -->\n\t\t <!-- ifb-flip-box -->\n\t <!-- flip-box -->\n\t<p>&#8230; bald mehr Informationen verf\u00fcgbar<\/p>\n\t<h1>\n\t\t\t\t&#8222;Die gef\u00f6rderten Talente der MIMPU-AKADEMIE werden zuk\u00fcnftig in herausragenden Positionen unsere Wirtschaft und Gesellschaft pr\u00e4gen.&#8220;\n\t\t\t<\/h1>\n\t\t\t<h3>&#8211; Prof.Dr. Franz Josef Radermacher, Mitglied des Beirats<\/h3>\t\n\n","protected":false},"excerpt":{"rendered":"<p>SPEAKING JENSEITS DES MAINSTREAMS Unsere Speaker:innen Birgit Bilger &#8211; KEYNOTE-SPEAKERIN Mehrfach ausgezeichnetInternationaler Speaker AwardMotivierend, philosophisch, vision\u00e4r Robert Kaltenbrunner&#8211; KEYNOTE-SPEAKER EngagiertKlarZukunftsorientiert &#8230; bald mehr Informationen verf\u00fcgbar &#8222;Die gef\u00f6rderten Talente der MIMPU-AKADEMIE werden zuk\u00fcnftig in herausragenden Positionen unsere Wirtschaft und Gesellschaft pr\u00e4gen.&#8220; &#8211; Prof.Dr. Franz Josef Radermacher, Mitglied des Beirats<\/p>\n","protected":false},"author":3,"featured_media":0,"parent":0,"menu_order":0,"comment_status":"closed","ping_status":"closed","template":"","meta":[],"yoast_head":"<!-- This site is optimized with the Yoast SEO plugin v19.8 - https:\/\/yoast.com\/wordpress\/plugins\/seo\/ -->\n<title>Speaking - MIMPU AKADEMIE<\/title>\n<meta name=\"robots\" content=\"index, follow, max-snippet:-1, max-image-preview:large, max-video-preview:-1\" \/>\n<link rel=\"canonical\" href=\"https:\/\/mimpu-akademie.de\/index.php\/speaking\/\" \/>\n<meta property=\"og:locale\" content=\"de_DE\" \/>\n<meta property=\"og:type\" content=\"article\" \/>\n<meta property=\"og:title\" content=\"Speaking - MIMPU AKADEMIE\" \/>\n<meta property=\"og:description\" content=\"SPEAKING JENSEITS DES MAINSTREAMS Unsere Speaker:innen Birgit Bilger &#8211; KEYNOTE-SPEAKERIN Mehrfach ausgezeichnetInternationaler Speaker AwardMotivierend, philosophisch, vision\u00e4r Robert Kaltenbrunner&#8211; KEYNOTE-SPEAKER EngagiertKlarZukunftsorientiert &#8230; bald mehr Informationen verf\u00fcgbar &#8222;Die gef\u00f6rderten Talente der MIMPU-AKADEMIE werden zuk\u00fcnftig in herausragenden Positionen unsere Wirtschaft und Gesellschaft pr\u00e4gen.&#8220; &#8211; Prof.Dr. Franz Josef Radermacher, Mitglied des Beirats\" \/>\n<meta property=\"og:url\" content=\"https:\/\/mimpu-akademie.de\/index.php\/speaking\/\" \/>\n<meta property=\"og:site_name\" content=\"MIMPU AKADEMIE\" \/>\n<meta property=\"article:publisher\" content=\"https:\/\/www.facebook.com\/beceoglobal\/\" \/>\n<meta property=\"article:modified_time\" content=\"2025-06-18T13:50:54+00:00\" \/>\n<meta property=\"og:image\" content=\"https:\/\/mimpu-akademie.de\/wp-content\/uploads\/2020\/01\/MIMPU_LOGO_SYMPOL-ohne-MP-klein1--e1579780234865.jpg\" \/>\n<meta name=\"twitter:card\" content=\"summary_large_image\" \/>\n<meta name=\"twitter:label1\" content=\"Gesch\u00e4tzte Lesezeit\" \/>\n\t<meta name=\"twitter:data1\" content=\"5\u00a0Minuten\" \/>\n<script type=\"application\/ld+json\" class=\"yoast-schema-graph\">{\"@context\":\"https:\/\/schema.org\",\"@graph\":[{\"@type\":\"WebPage\",\"@id\":\"https:\/\/mimpu-akademie.de\/index.php\/speaking\/\",\"url\":\"https:\/\/mimpu-akademie.de\/index.php\/speaking\/\",\"name\":\"Speaking - MIMPU AKADEMIE\",\"isPartOf\":{\"@id\":\"https:\/\/mimpu-akademie.de\/#website\"},\"datePublished\":\"2025-06-13T09:09:04+00:00\",\"dateModified\":\"2025-06-18T13:50:54+00:00\",\"breadcrumb\":{\"@id\":\"https:\/\/mimpu-akademie.de\/index.php\/speaking\/#breadcrumb\"},\"inLanguage\":\"de\",\"potentialAction\":[{\"@type\":\"ReadAction\",\"target\":[\"https:\/\/mimpu-akademie.de\/index.php\/speaking\/\"]}]},{\"@type\":\"BreadcrumbList\",\"@id\":\"https:\/\/mimpu-akademie.de\/index.php\/speaking\/#breadcrumb\",\"itemListElement\":[{\"@type\":\"ListItem\",\"position\":1,\"name\":\"Startseite\",\"item\":\"https:\/\/mimpu-akademie.de\/\"},{\"@type\":\"ListItem\",\"position\":2,\"name\":\"Speaking\"}]},{\"@type\":\"WebSite\",\"@id\":\"https:\/\/mimpu-akademie.de\/#website\",\"url\":\"https:\/\/mimpu-akademie.de\/\",\"name\":\"MIMPU AKADEMIE\",\"description\":\"\",\"publisher\":{\"@id\":\"https:\/\/mimpu-akademie.de\/#organization\"},\"potentialAction\":[{\"@type\":\"SearchAction\",\"target\":{\"@type\":\"EntryPoint\",\"urlTemplate\":\"https:\/\/mimpu-akademie.de\/?s={search_term_string}\"},\"query-input\":\"required name=search_term_string\"}],\"inLanguage\":\"de\"},{\"@type\":\"Organization\",\"@id\":\"https:\/\/mimpu-akademie.de\/#organization\",\"name\":\"MIMPU AKADEMIE\",\"url\":\"https:\/\/mimpu-akademie.de\/\",\"sameAs\":[\"https:\/\/www.facebook.com\/beceoglobal\/\"],\"logo\":{\"@type\":\"ImageObject\",\"inLanguage\":\"de\",\"@id\":\"https:\/\/mimpu-akademie.de\/#\/schema\/logo\/image\/\",\"url\":\"https:\/\/mimpu-akademie.de\/wp-content\/uploads\/2020\/02\/MIMPU_LOGO_MENSCH.png\",\"contentUrl\":\"https:\/\/mimpu-akademie.de\/wp-content\/uploads\/2020\/02\/MIMPU_LOGO_MENSCH.png\",\"width\":4001,\"height\":1175,\"caption\":\"MIMPU AKADEMIE\"},\"image\":{\"@id\":\"https:\/\/mimpu-akademie.de\/#\/schema\/logo\/image\/\"}}]}<\/script>\n<!-- \/ Yoast SEO plugin. -->","yoast_head_json":{"title":"Speaking - MIMPU AKADEMIE","robots":{"index":"index","follow":"follow","max-snippet":"max-snippet:-1","max-image-preview":"max-image-preview:large","max-video-preview":"max-video-preview:-1"},"canonical":"https:\/\/mimpu-akademie.de\/index.php\/speaking\/","og_locale":"de_DE","og_type":"article","og_title":"Speaking - MIMPU AKADEMIE","og_description":"SPEAKING JENSEITS DES MAINSTREAMS Unsere Speaker:innen Birgit Bilger &#8211; KEYNOTE-SPEAKERIN Mehrfach ausgezeichnetInternationaler Speaker AwardMotivierend, philosophisch, vision\u00e4r Robert Kaltenbrunner&#8211; KEYNOTE-SPEAKER EngagiertKlarZukunftsorientiert &#8230; bald mehr Informationen verf\u00fcgbar &#8222;Die gef\u00f6rderten Talente der MIMPU-AKADEMIE werden zuk\u00fcnftig in herausragenden Positionen unsere Wirtschaft und Gesellschaft pr\u00e4gen.&#8220; &#8211; Prof.Dr. Franz Josef Radermacher, Mitglied des Beirats","og_url":"https:\/\/mimpu-akademie.de\/index.php\/speaking\/","og_site_name":"MIMPU AKADEMIE","article_publisher":"https:\/\/www.facebook.com\/beceoglobal\/","article_modified_time":"2025-06-18T13:50:54+00:00","og_image":[{"url":"https:\/\/mimpu-akademie.de\/wp-content\/uploads\/2020\/01\/MIMPU_LOGO_SYMPOL-ohne-MP-klein1--e1579780234865.jpg"}],"twitter_card":"summary_large_image","twitter_misc":{"Gesch\u00e4tzte Lesezeit":"5\u00a0Minuten"},"schema":{"@context":"https:\/\/schema.org","@graph":[{"@type":"WebPage","@id":"https:\/\/mimpu-akademie.de\/index.php\/speaking\/","url":"https:\/\/mimpu-akademie.de\/index.php\/speaking\/","name":"Speaking - MIMPU AKADEMIE","isPartOf":{"@id":"https:\/\/mimpu-akademie.de\/#website"},"datePublished":"2025-06-13T09:09:04+00:00","dateModified":"2025-06-18T13:50:54+00:00","breadcrumb":{"@id":"https:\/\/mimpu-akademie.de\/index.php\/speaking\/#breadcrumb"},"inLanguage":"de","potentialAction":[{"@type":"ReadAction","target":["https:\/\/mimpu-akademie.de\/index.php\/speaking\/"]}]},{"@type":"BreadcrumbList","@id":"https:\/\/mimpu-akademie.de\/index.php\/speaking\/#breadcrumb","itemListElement":[{"@type":"ListItem","position":1,"name":"Startseite","item":"https:\/\/mimpu-akademie.de\/"},{"@type":"ListItem","position":2,"name":"Speaking"}]},{"@type":"WebSite","@id":"https:\/\/mimpu-akademie.de\/#website","url":"https:\/\/mimpu-akademie.de\/","name":"MIMPU AKADEMIE","description":"","publisher":{"@id":"https:\/\/mimpu-akademie.de\/#organization"},"potentialAction":[{"@type":"SearchAction","target":{"@type":"EntryPoint","urlTemplate":"https:\/\/mimpu-akademie.de\/?s={search_term_string}"},"query-input":"required name=search_term_string"}],"inLanguage":"de"},{"@type":"Organization","@id":"https:\/\/mimpu-akademie.de\/#organization","name":"MIMPU AKADEMIE","url":"https:\/\/mimpu-akademie.de\/","sameAs":["https:\/\/www.facebook.com\/beceoglobal\/"],"logo":{"@type":"ImageObject","inLanguage":"de","@id":"https:\/\/mimpu-akademie.de\/#\/schema\/logo\/image\/","url":"https:\/\/mimpu-akademie.de\/wp-content\/uploads\/2020\/02\/MIMPU_LOGO_MENSCH.png","contentUrl":"https:\/\/mimpu-akademie.de\/wp-content\/uploads\/2020\/02\/MIMPU_LOGO_MENSCH.png","width":4001,"height":1175,"caption":"MIMPU AKADEMIE"},"image":{"@id":"https:\/\/mimpu-akademie.de\/#\/schema\/logo\/image\/"}}]}},"_links":{"self":[{"href":"https:\/\/mimpu-akademie.de\/index.php\/wp-json\/wp\/v2\/pages\/1223"}],"collection":[{"href":"https:\/\/mimpu-akademie.de\/index.php\/wp-json\/wp\/v2\/pages"}],"about":[{"href":"https:\/\/mimpu-akademie.de\/index.php\/wp-json\/wp\/v2\/types\/page"}],"author":[{"embeddable":true,"href":"https:\/\/mimpu-akademie.de\/index.php\/wp-json\/wp\/v2\/users\/3"}],"replies":[{"embeddable":true,"href":"https:\/\/mimpu-akademie.de\/index.php\/wp-json\/wp\/v2\/comments?post=1223"}],"version-history":[{"count":9,"href":"https:\/\/mimpu-akademie.de\/index.php\/wp-json\/wp\/v2\/pages\/1223\/revisions"}],"predecessor-version":[{"id":1315,"href":"https:\/\/mimpu-akademie.de\/index.php\/wp-json\/wp\/v2\/pages\/1223\/revisions\/1315"}],"wp:attachment":[{"href":"https:\/\/mimpu-akademie.de\/index.php\/wp-json\/wp\/v2\/media?parent=1223"}],"curies":[{"name":"wp","href":"https:\/\/api.w.org\/{rel}","templated":true}]}}