{"id":150,"date":"2017-10-28T13:10:11","date_gmt":"2017-10-28T11:10:11","guid":{"rendered":"https:\/\/mimpu-akademie.de\/?page_id=150"},"modified":"2018-02-18T19:11:15","modified_gmt":"2018-02-18T18:11:15","slug":"jetzt-bewerben","status":"publish","type":"page","link":"https:\/\/mimpu-akademie.de\/index.php\/jetzt-bewerben\/","title":{"rendered":"Jetzt Bewerben"},"content":{"rendered":"<h1>\n\t\t\t\tWelches Talent bist Du?<br \/>\n\t\t\t<\/h1>\n<h2>\n\t\t\t\tWerde mit beCeo zum Wellenreiter<br \/>\n\t\t\t<\/h2>\n<p>\t\t\t\t<img src=\"https:\/\/mimpu-akademie.de\/wp-content\/uploads\/2017\/10\/beceo-small.png\" alt=\"beceo-small\" itemprop=\"image\"\/><\/p>\n<ul>\n<li>\n<p>Du bist noch im Studium? Oder hast vielleicht sogar abgebrochen?<\/p ><\/li>\n<li>\n<p>Du bist <strong>Creative<\/strong>? Du willst Verantwortung \u00fcbernehmen? Du suchst nach L\u00f6sungen statt S\u00fcndenb\u00f6cken?<\/p ><\/li>\n<li>\n<p>Du bist <strong>Engaged<\/strong>? Du willst mehr? Handeln statt reden? Du kannst andere mitrei\u00dfen und engagierst Dich in \u00fcberdurchschnittlichem Ausma\u00df?<\/p ><\/li>\n<li>\n<p>Du bist <strong>Optimistic<\/strong>? Du m\u00f6chtest die beste Vision Deiner selbst sein? Mehr \u00fcber Dich erfahren? Du willst mit  anderen die Welt positiv beeinflussen?<\/p ><\/li>\n<li>\n<p>Du hast mehr im Blick als &#8222;nur Karriere&#8220;? <\/p ><\/li>\n<\/ul>\n<p><strong>Wenn die Punkte auf Dich zutreffen und Du kurz vor Abschluss des\u00a0Studiums stehst und Interesse an unserer Initiative hast, dann\u00a0bewirb Dich jetzt bei uns.<\/strong><\/p>\n<p>\t<meta itemprop=\"url\" content=\"https:\/\/mimpu-akademie.de\/wp-content\/uploads\/2017\/10\/beceo_Bewerbung.mp4\" \/><meta itemprop=\"thumbnail\" content=\"https:\/\/mimpu-akademie.de\/wp-content\/uploads\/2017\/10\/beCEO_Bewerbung-1024x545.jpg\" \/><div style=\"width: 100px;\" class=\"wp-video\"><!--[if lt IE 9]><script>document.createElement('video');<\/script><![endif]-->\n<video class=\"wp-video-shortcode\" id=\"video-150-1\" width=\"100\" height=\"100\" poster=\"https:\/\/mimpu-akademie.de\/wp-content\/uploads\/2017\/10\/beCEO_Bewerbung-1024x545.jpg\" preload=\"none\" controls=\"controls\"><source type=\"video\/mp4\" src=\"https:\/\/mimpu-akademie.de\/wp-content\/uploads\/2017\/10\/beceo_Bewerbung.mp4?_=1\" \/><source type=\"video\/webm\" src=\"https:\/\/mimpu-akademie.de\/wp-content\/uploads\/2017\/10\/beCEO_Bewerbung.webm?_=1\" \/><a href=\"https:\/\/mimpu-akademie.de\/wp-content\/uploads\/2017\/10\/beceo_Bewerbung.mp4\">https:\/\/mimpu-akademie.de\/wp-content\/uploads\/2017\/10\/beceo_Bewerbung.mp4<\/a><\/video><\/div><\/p>\n<h2>\n\t\t\t\tMeinungen unserer Talente<br \/>\n\t\t\t<\/h2>\n<p>\t\t\t\t<img src=\"https:\/\/mimpu-akademie.de\/wp-content\/uploads\/2017\/10\/beceo-small.png\" alt=\"beceo-small\" itemprop=\"image\"\/><br \/>\n\t<iframe loading=\"lazy\" width=\"560\" height=\"315\" src=\"https:\/\/www.youtube.com\/embed\/1ljfpF8hwcc\" frameborder=\"0\" allowfullscreen><\/iframe><br \/>\n\t<iframe loading=\"lazy\" width=\"560\" height=\"315\" src=\"https:\/\/www.youtube.com\/embed\/-HRoQoYgliA\" frameborder=\"0\" allowfullscreen><\/iframe><br \/>\n\t<iframe loading=\"lazy\" width=\"560\" height=\"315\" src=\"https:\/\/www.youtube.com\/embed\/c-5hx-CF0fo\" frameborder=\"0\" allowfullscreen><\/iframe><\/p>\n<h2>\n\t\t\t\tBewerbe Dich jetzt bei beCeo<br \/>\n\t\t\t<\/h2>\n<p>\t\t\t\t<img src=\"https:\/\/mimpu-akademie.de\/wp-content\/uploads\/2017\/10\/beceo-small.png\" alt=\"beceo-small\" itemprop=\"image\"\/><br \/>\n\t<div role=\"form\" class=\"wpcf7\" id=\"wpcf7-f153-o1\" lang=\"de-DE\" dir=\"ltr\">\n<div class=\"screen-reader-response\"><p role=\"status\" aria-live=\"polite\" aria-atomic=\"true\"><\/p> <ul><\/ul><\/div>\n<form action=\"\/index.php\/wp-json\/wp\/v2\/pages\/150#wpcf7-f153-o1\" method=\"post\" class=\"wpcf7-form init\" novalidate=\"novalidate\" data-status=\"init\">\n<div style=\"display: none;\">\n<input type=\"hidden\" name=\"_wpcf7\" value=\"153\" \/>\n<input type=\"hidden\" name=\"_wpcf7_version\" value=\"5.6.3\" \/>\n<input type=\"hidden\" name=\"_wpcf7_locale\" value=\"de_DE\" \/>\n<input type=\"hidden\" name=\"_wpcf7_unit_tag\" value=\"wpcf7-f153-o1\" \/>\n<input type=\"hidden\" name=\"_wpcf7_container_post\" value=\"0\" \/>\n<input type=\"hidden\" name=\"_wpcf7_posted_data_hash\" value=\"\" \/>\n<\/div>\n<div class=\"wps-form\">\n<div class=\"wps-form-row\">\n<div class=\"wps-form-column\">\n<p>         <label>Dein Vorname<\/label><br \/>\n         <span class=\"wpcf7-form-control-wrap\" data-name=\"your-name\"><input type=\"text\" name=\"your-name\" value=\"\" size=\"40\" class=\"wpcf7-form-control wpcf7-text wpcf7-validates-as-required\" aria-required=\"true\" aria-invalid=\"false\" \/><\/span>\n      <\/div>\n<div class=\"wps-form-column\">\n         <label> Dein Nachname <\/label><br \/>\n         <span class=\"wpcf7-form-control-wrap\" data-name=\"your-name\"><input type=\"text\" name=\"your-name\" value=\"\" size=\"40\" class=\"wpcf7-form-control wpcf7-text wpcf7-validates-as-required\" aria-required=\"true\" aria-invalid=\"false\" \/><\/span>\n      <\/div>\n<\/div>\n<div class=\"wps-form-row\">\n<div class=\"wps-form-column\">\n         <label> Deine E-Mail-Adresse <\/label><br \/>\n         <span class=\"wpcf7-form-control-wrap\" data-name=\"your-email\"><input type=\"email\" name=\"your-email\" value=\"\" size=\"40\" class=\"wpcf7-form-control wpcf7-text wpcf7-email wpcf7-validates-as-required wpcf7-validates-as-email\" aria-required=\"true\" aria-invalid=\"false\" \/><\/span>\n      <\/div>\n<div class=\"wps-form-column\">\n         <label> Deine Telefonnummer<\/label><br \/>\n         <span class=\"wpcf7-form-control-wrap\" data-name=\"deine-telefonnummer\"><input type=\"tel\" name=\"deine-telefonnummer\" value=\"\" size=\"40\" class=\"wpcf7-form-control wpcf7-text wpcf7-tel wpcf7-validates-as-tel\" aria-invalid=\"false\" \/><\/span>\n      <\/div>\n<\/div>\n<div class=\"wps-form-row\">\n<div class=\"wps-form-column\">\n          <label>Warum k\u00f6nnte ein \u201eWir\u201cwichtiger sein als ein \u201eIch\u201c<\/label><br \/>\n          <span class=\"wpcf7-form-control-wrap\" data-name=\"antwort01\"><textarea name=\"antwort01\" cols=\"40\" rows=\"10\" class=\"wpcf7-form-control wpcf7-textarea\" aria-invalid=\"false\"><\/textarea><\/span>\n      <\/div>\n<\/div>\n<div class=\"wps-form-row\">\n<div class=\"wps-form-column\">\n          <label>Welche drei Voraussetzungen sind Dir an Deinem (zuk\u00fcnftigen)Arbeitsplatz absolut notwendig?<\/label><br \/>\n          <span class=\"wpcf7-form-control-wrap\" data-name=\"antwort02\"><textarea name=\"antwort02\" cols=\"40\" rows=\"10\" class=\"wpcf7-form-control wpcf7-textarea\" aria-invalid=\"false\"><\/textarea><\/span>\n      <\/div>\n<\/div>\n<div class=\"wps-form-row\">\n<div class=\"wps-form-column\">\n          <label>Welche drei Wertevorstellungen sind Dir bei Deiner Arbeit am wichtigsten?<\/label><br \/>\n          <span class=\"wpcf7-form-control-wrap\" data-name=\"antwort03\"><textarea name=\"antwort03\" cols=\"40\" rows=\"10\" class=\"wpcf7-form-control wpcf7-textarea\" aria-invalid=\"false\"><\/textarea><\/span>\n      <\/div>\n<\/div>\n<div class=\"wps-form-row\">\n<div class=\"wps-form-column\">\n          <label> Deine Nachricht an uns<\/label><br \/>\n          <span class=\"wpcf7-form-control-wrap\" data-name=\"your-message\"><textarea name=\"your-message\" cols=\"40\" rows=\"10\" class=\"wpcf7-form-control wpcf7-textarea\" aria-invalid=\"false\"><\/textarea><\/span>\n      <\/div>\n<\/div>\n<div class=\"wps-form-row\">\n<div class=\"wps-form-column\">\n      <center><br \/>\n           <input type=\"submit\" value=\"Jetzt Bewerben\" class=\"wpcf7-form-control has-spinner wpcf7-submit\" \/><br \/>\n      <\/center>\n      <\/div>\n<\/div>\n<\/div>\n<div class=\"wpcf7-response-output\" aria-hidden=\"true\"><\/div><\/form><\/div><\/p>\n<h2>\n\t\t\t\tDu bist neugierig, aber hast noch Fragen? Dann melde Dich bei uns!<br \/>\n\t\t\t<\/h2>\n<p>\t\t\t<a href=\"\/index.php\/home\/kontakt\/\" target=\"_self\" role=\"button\"><br \/>\n\t\t\t\t\t\tMelde Dich bei uns<br \/>\n\t\t\t\t\t<\/a><\/p>\n","protected":false},"excerpt":{"rendered":"<p>Welches Talent bist Du? Werde mit beCeo zum Wellenreiter Du bist noch im Studium? Oder hast vielleicht sogar abgebrochen? Du bist Creative? Du willst Verantwortung \u00fcbernehmen? Du suchst nach L\u00f6sungen statt S\u00fcndenb\u00f6cken? Du bist Engaged? Du willst mehr? Handeln statt reden? Du kannst andere mitrei\u00dfen und engagierst Dich in \u00fcberdurchschnittlichem Ausma\u00df? Du bist Optimistic? Du&hellip;<\/p>\n","protected":false},"author":1,"featured_media":0,"parent":0,"menu_order":0,"comment_status":"closed","ping_status":"closed","template":"","meta":[],"yoast_head":"<!-- This site is optimized with the Yoast SEO plugin v19.8 - https:\/\/yoast.com\/wordpress\/plugins\/seo\/ -->\n<title>Jetzt Bewerben - MIMPU AKADEMIE<\/title>\n<meta name=\"robots\" content=\"index, follow, max-snippet:-1, max-image-preview:large, max-video-preview:-1\" \/>\n<link rel=\"canonical\" href=\"https:\/\/mimpu-akademie.de\/index.php\/jetzt-bewerben\/\" \/>\n<meta property=\"og:locale\" content=\"de_DE\" \/>\n<meta property=\"og:type\" content=\"article\" \/>\n<meta property=\"og:title\" content=\"Jetzt Bewerben - MIMPU AKADEMIE\" \/>\n<meta property=\"og:description\" content=\"Welches Talent bist Du? Werde mit beCeo zum Wellenreiter Du bist noch im Studium? Oder hast vielleicht sogar abgebrochen? Du bist Creative? Du willst Verantwortung \u00fcbernehmen? Du suchst nach L\u00f6sungen statt S\u00fcndenb\u00f6cken? Du bist Engaged? Du willst mehr? Handeln statt reden? Du kannst andere mitrei\u00dfen und engagierst Dich in \u00fcberdurchschnittlichem Ausma\u00df? Du bist Optimistic? Du&hellip;\" \/>\n<meta property=\"og:url\" content=\"https:\/\/mimpu-akademie.de\/index.php\/jetzt-bewerben\/\" \/>\n<meta property=\"og:site_name\" content=\"MIMPU AKADEMIE\" \/>\n<meta property=\"article:publisher\" content=\"https:\/\/www.facebook.com\/beceoglobal\/\" \/>\n<meta property=\"article:modified_time\" content=\"2018-02-18T18:11:15+00:00\" \/>\n<meta property=\"og:image\" content=\"https:\/\/mimpu-akademie.de\/wp-content\/uploads\/2017\/10\/beceo-small.png\" \/>\n<meta name=\"twitter:card\" content=\"summary_large_image\" \/>\n<meta name=\"twitter:label1\" content=\"Gesch\u00e4tzte Lesezeit\" \/>\n\t<meta name=\"twitter:data1\" content=\"1\u00a0Minute\" \/>\n<script type=\"application\/ld+json\" class=\"yoast-schema-graph\">{\"@context\":\"https:\/\/schema.org\",\"@graph\":[{\"@type\":\"WebPage\",\"@id\":\"https:\/\/mimpu-akademie.de\/index.php\/jetzt-bewerben\/\",\"url\":\"https:\/\/mimpu-akademie.de\/index.php\/jetzt-bewerben\/\",\"name\":\"Jetzt Bewerben - MIMPU AKADEMIE\",\"isPartOf\":{\"@id\":\"https:\/\/mimpu-akademie.de\/#website\"},\"datePublished\":\"2017-10-28T11:10:11+00:00\",\"dateModified\":\"2018-02-18T18:11:15+00:00\",\"breadcrumb\":{\"@id\":\"https:\/\/mimpu-akademie.de\/index.php\/jetzt-bewerben\/#breadcrumb\"},\"inLanguage\":\"de\",\"potentialAction\":[{\"@type\":\"ReadAction\",\"target\":[\"https:\/\/mimpu-akademie.de\/index.php\/jetzt-bewerben\/\"]}]},{\"@type\":\"BreadcrumbList\",\"@id\":\"https:\/\/mimpu-akademie.de\/index.php\/jetzt-bewerben\/#breadcrumb\",\"itemListElement\":[{\"@type\":\"ListItem\",\"position\":1,\"name\":\"Startseite\",\"item\":\"https:\/\/mimpu-akademie.de\/\"},{\"@type\":\"ListItem\",\"position\":2,\"name\":\"Jetzt Bewerben\"}]},{\"@type\":\"WebSite\",\"@id\":\"https:\/\/mimpu-akademie.de\/#website\",\"url\":\"https:\/\/mimpu-akademie.de\/\",\"name\":\"MIMPU AKADEMIE\",\"description\":\"\",\"publisher\":{\"@id\":\"https:\/\/mimpu-akademie.de\/#organization\"},\"potentialAction\":[{\"@type\":\"SearchAction\",\"target\":{\"@type\":\"EntryPoint\",\"urlTemplate\":\"https:\/\/mimpu-akademie.de\/?s={search_term_string}\"},\"query-input\":\"required name=search_term_string\"}],\"inLanguage\":\"de\"},{\"@type\":\"Organization\",\"@id\":\"https:\/\/mimpu-akademie.de\/#organization\",\"name\":\"MIMPU AKADEMIE\",\"url\":\"https:\/\/mimpu-akademie.de\/\",\"sameAs\":[\"https:\/\/www.facebook.com\/beceoglobal\/\"],\"logo\":{\"@type\":\"ImageObject\",\"inLanguage\":\"de\",\"@id\":\"https:\/\/mimpu-akademie.de\/#\/schema\/logo\/image\/\",\"url\":\"https:\/\/mimpu-akademie.de\/wp-content\/uploads\/2020\/02\/MIMPU_LOGO_MENSCH.png\",\"contentUrl\":\"https:\/\/mimpu-akademie.de\/wp-content\/uploads\/2020\/02\/MIMPU_LOGO_MENSCH.png\",\"width\":4001,\"height\":1175,\"caption\":\"MIMPU AKADEMIE\"},\"image\":{\"@id\":\"https:\/\/mimpu-akademie.de\/#\/schema\/logo\/image\/\"}}]}<\/script>\n<!-- \/ Yoast SEO plugin. -->","yoast_head_json":{"title":"Jetzt Bewerben - MIMPU AKADEMIE","robots":{"index":"index","follow":"follow","max-snippet":"max-snippet:-1","max-image-preview":"max-image-preview:large","max-video-preview":"max-video-preview:-1"},"canonical":"https:\/\/mimpu-akademie.de\/index.php\/jetzt-bewerben\/","og_locale":"de_DE","og_type":"article","og_title":"Jetzt Bewerben - MIMPU AKADEMIE","og_description":"Welches Talent bist Du? Werde mit beCeo zum Wellenreiter Du bist noch im Studium? Oder hast vielleicht sogar abgebrochen? Du bist Creative? Du willst Verantwortung \u00fcbernehmen? Du suchst nach L\u00f6sungen statt S\u00fcndenb\u00f6cken? Du bist Engaged? Du willst mehr? Handeln statt reden? Du kannst andere mitrei\u00dfen und engagierst Dich in \u00fcberdurchschnittlichem Ausma\u00df? Du bist Optimistic? Du&hellip;","og_url":"https:\/\/mimpu-akademie.de\/index.php\/jetzt-bewerben\/","og_site_name":"MIMPU AKADEMIE","article_publisher":"https:\/\/www.facebook.com\/beceoglobal\/","article_modified_time":"2018-02-18T18:11:15+00:00","og_image":[{"url":"https:\/\/mimpu-akademie.de\/wp-content\/uploads\/2017\/10\/beceo-small.png"}],"twitter_card":"summary_large_image","twitter_misc":{"Gesch\u00e4tzte Lesezeit":"1\u00a0Minute"},"schema":{"@context":"https:\/\/schema.org","@graph":[{"@type":"WebPage","@id":"https:\/\/mimpu-akademie.de\/index.php\/jetzt-bewerben\/","url":"https:\/\/mimpu-akademie.de\/index.php\/jetzt-bewerben\/","name":"Jetzt Bewerben - MIMPU AKADEMIE","isPartOf":{"@id":"https:\/\/mimpu-akademie.de\/#website"},"datePublished":"2017-10-28T11:10:11+00:00","dateModified":"2018-02-18T18:11:15+00:00","breadcrumb":{"@id":"https:\/\/mimpu-akademie.de\/index.php\/jetzt-bewerben\/#breadcrumb"},"inLanguage":"de","potentialAction":[{"@type":"ReadAction","target":["https:\/\/mimpu-akademie.de\/index.php\/jetzt-bewerben\/"]}]},{"@type":"BreadcrumbList","@id":"https:\/\/mimpu-akademie.de\/index.php\/jetzt-bewerben\/#breadcrumb","itemListElement":[{"@type":"ListItem","position":1,"name":"Startseite","item":"https:\/\/mimpu-akademie.de\/"},{"@type":"ListItem","position":2,"name":"Jetzt Bewerben"}]},{"@type":"WebSite","@id":"https:\/\/mimpu-akademie.de\/#website","url":"https:\/\/mimpu-akademie.de\/","name":"MIMPU AKADEMIE","description":"","publisher":{"@id":"https:\/\/mimpu-akademie.de\/#organization"},"potentialAction":[{"@type":"SearchAction","target":{"@type":"EntryPoint","urlTemplate":"https:\/\/mimpu-akademie.de\/?s={search_term_string}"},"query-input":"required name=search_term_string"}],"inLanguage":"de"},{"@type":"Organization","@id":"https:\/\/mimpu-akademie.de\/#organization","name":"MIMPU AKADEMIE","url":"https:\/\/mimpu-akademie.de\/","sameAs":["https:\/\/www.facebook.com\/beceoglobal\/"],"logo":{"@type":"ImageObject","inLanguage":"de","@id":"https:\/\/mimpu-akademie.de\/#\/schema\/logo\/image\/","url":"https:\/\/mimpu-akademie.de\/wp-content\/uploads\/2020\/02\/MIMPU_LOGO_MENSCH.png","contentUrl":"https:\/\/mimpu-akademie.de\/wp-content\/uploads\/2020\/02\/MIMPU_LOGO_MENSCH.png","width":4001,"height":1175,"caption":"MIMPU AKADEMIE"},"image":{"@id":"https:\/\/mimpu-akademie.de\/#\/schema\/logo\/image\/"}}]}},"_links":{"self":[{"href":"https:\/\/mimpu-akademie.de\/index.php\/wp-json\/wp\/v2\/pages\/150"}],"collection":[{"href":"https:\/\/mimpu-akademie.de\/index.php\/wp-json\/wp\/v2\/pages"}],"about":[{"href":"https:\/\/mimpu-akademie.de\/index.php\/wp-json\/wp\/v2\/types\/page"}],"author":[{"embeddable":true,"href":"https:\/\/mimpu-akademie.de\/index.php\/wp-json\/wp\/v2\/users\/1"}],"replies":[{"embeddable":true,"href":"https:\/\/mimpu-akademie.de\/index.php\/wp-json\/wp\/v2\/comments?post=150"}],"version-history":[{"count":15,"href":"https:\/\/mimpu-akademie.de\/index.php\/wp-json\/wp\/v2\/pages\/150\/revisions"}],"predecessor-version":[{"id":357,"href":"https:\/\/mimpu-akademie.de\/index.php\/wp-json\/wp\/v2\/pages\/150\/revisions\/357"}],"wp:attachment":[{"href":"https:\/\/mimpu-akademie.de\/index.php\/wp-json\/wp\/v2\/media?parent=150"}],"curies":[{"name":"wp","href":"https:\/\/api.w.org\/{rel}","templated":true}]}}