{"id":166,"date":"2017-11-03T13:23:44","date_gmt":"2017-11-03T12:23:44","guid":{"rendered":"https:\/\/mimpu-akademie.de\/?page_id=166"},"modified":"2018-02-17T22:01:08","modified_gmt":"2018-02-17T21:01:08","slug":"foerderer","status":"publish","type":"page","link":"https:\/\/mimpu-akademie.de\/index.php\/foerderer\/","title":{"rendered":"F\u00f6rderer"},"content":{"rendered":"<h1>\n\t\t\t\tbeCeo &#8211; F\u00f6rderer<br \/>\n\t\t\t<\/h1>\n<h2>\n\t\t\t\tbeCeo &#8211; F\u00f6rderer<br \/>\n\t\t\t<\/h2>\n<p>\t\t\t\t<img src=\"https:\/\/mimpu-akademie.de\/wp-content\/uploads\/2017\/10\/beceo-small.png\" alt=\"beceo-small\" itemprop=\"image\"\/><br \/>\n\t\t\t\t<img loading=\"lazy\" src=\"https:\/\/mimpu-akademie.de\/wp-content\/uploads\/2017\/11\/beceo_dirk_euggeling.jpg\" alt=\"beceo_dirk_euggeling\" itemprop=\"image\" height=\"600\" width=\"600\"  \/><\/p>\n<h3>\n\t\t\t\tDirk Euggeling<br \/>\n\t\t\t<\/h3>\n<p>Dirk Euggeling, Kaufm\u00e4nnischer Leiter Colt International\u00a0<\/p>\n<p>\u00a0<\/p>\n<p>\u00a0<\/p>\n<p><a href=\"https:\/\/www.colt-info.de\/\"><img loading=\"lazy\" src=\"https:\/\/mimpu-akademie.de\/wp-content\/uploads\/2017\/11\/coltlogo.png\" alt=\"\" width=\"208\" height=\"64\" \/><\/a><\/p>\n<p>\u00a0<\/p>\n<p>\u00a0<\/p>\n<p>\u00a0<\/p>\n<p>\t\t\t\t<img loading=\"lazy\" src=\"https:\/\/mimpu-akademie.de\/wp-content\/uploads\/2017\/11\/beceo_gstiefel.jpg\" alt=\"beceo_gstiefel\" itemprop=\"image\" height=\"600\" width=\"600\"  \/><\/p>\n<h3>\n\t\t\t\tGerd Stiefel<br \/>\n\t\t\t<\/h3>\n<p>Gerd Stiefel, Inhaber der Fritz Stiefel GmbH, Pr\u00e4sident des Clubs der Industrie Ulm\/Neu, Vorsitzender der Regionalversammlung der IHK Neu-Ulm<\/p>\n<p>\u00a0<\/p>\n<p><a href=\"https:\/\/stiefel-hydraulik.de\/\"><img loading=\"lazy\" src=\"https:\/\/mimpu-akademie.de\/wp-content\/uploads\/2017\/11\/beceo_stiefel_logo-lang-1.jpg\" alt=\"\" width=\"233\" height=\"50\" \/><\/a><\/p>\n<p>\t\t\t\t<img loading=\"lazy\" src=\"https:\/\/mimpu-akademie.de\/wp-content\/uploads\/2017\/11\/beceo_Beurer.jpg\" alt=\"beceo_Beurer\" itemprop=\"image\" height=\"600\" width=\"600\"  \/><\/p>\n<h3>\n\t\t\t\tMarco B\u00fchler<br \/>\n\t\t\t<\/h3>\n<p>Marco B\u00fchler, Inhaber und Gesch\u00e4ftsf\u00fchrer der Beurer GmbH<\/p>\n<p>\u00a0<\/p>\n<p>\u00a0<\/p>\n<p><a href=\"https:\/\/www.beurer.com\/\"><img loading=\"lazy\" src=\"https:\/\/mimpu-akademie.de\/wp-content\/uploads\/2017\/11\/beceo_beurer_logo-1.jpg\" alt=\"\" width=\"184\" height=\"79\" \/><\/a><\/p>\n<p>\t\t\t\t<img loading=\"lazy\" src=\"https:\/\/mimpu-akademie.de\/wp-content\/uploads\/2017\/11\/beceo_Weskamp.jpg\" alt=\"beceo_Weskamp\" itemprop=\"image\" height=\"600\" width=\"600\"  \/><\/p>\n<h3>\n\t\t\t\tThomas Weskamp<br \/>\n\t\t\t<\/h3>\n<p>Thomas Weskamp, Leiter Unternehmenskommunikation\u00a0Volksbank Ulm-Biberach<\/p>\n<p>\u00a0<\/p>\n<p>\u00a0<\/p>\n<p><img loading=\"lazy\" src=\"https:\/\/mimpu-akademie.de\/wp-content\/uploads\/2017\/11\/beceo_volksbank_logo-300x48.png\" alt=\"\" width=\"300\" height=\"48\" \/><\/p>\n<p>\t\t\t\t<img loading=\"lazy\" src=\"https:\/\/mimpu-akademie.de\/wp-content\/uploads\/2017\/11\/beceo-Thomas-Muellerschoen.jpg\" alt=\"beceo-Thomas-Muellerschoen\" itemprop=\"image\" height=\"600\" width=\"600\"  \/><\/p>\n<h3>\n\t\t\t\tThomas M\u00fcllersch\u00f6n<br \/>\n\t\t\t<\/h3>\n<p>Thomas M\u00fcllersch\u00f6n, Vorstandsvorsitzender\u00a0seit 1994 im Unternehmen, seit 2002 Vorstandsmitglied<\/p>\n<p>\u00a0<\/p>\n<p>\u00a0<\/p>\n<p><a href=\"http:\/\/www.uzin-utz.de\/\"><img loading=\"lazy\" src=\"https:\/\/mimpu-akademie.de\/wp-content\/uploads\/2017\/11\/uzinutz.jpg\" alt=\"\" width=\"200\" height=\"35\" \/><\/a><\/p>\n<p>\u00a0<\/p>\n<p>\u00a0<\/p>\n<p>\u00a0<\/p>\n<p>\u00a0<\/p>\n<p>\t\t\t\t<img loading=\"lazy\" src=\"https:\/\/mimpu-akademie.de\/wp-content\/uploads\/2017\/11\/beceo-Thomas_plus1.jpg\" alt=\"SONY DSC\" itemprop=\"image\" height=\"600\" width=\"600\"  \/><\/p>\n<h3>\n\t\t\t\tThomas Striegel<br \/>\n\t\t\t<\/h3>\n<p>Thomas Striegel, Gr\u00fcnder und Beirat mission-one GmbH<\/p>\n<p>\u00a0<\/p>\n<p>&#8222;Nat\u00fcrlich sind wir hier dabei!&#8220;<\/p>\n<p>\u00a0<\/p>\n<p><a href=\"https:\/\/www.mission-one.de\"><img loading=\"lazy\" src=\"https:\/\/mimpu-akademie.de\/wp-content\/uploads\/2017\/11\/mission-one_GmbH.png\" alt=\"\" width=\"200\" height=\"45\" \/><\/a><\/p>\n<p>\u00a0<\/p>\n<p>\t\t\t\t<img loading=\"lazy\" src=\"https:\/\/mimpu-akademie.de\/wp-content\/uploads\/2017\/11\/beceo_Wolfgang_Kr\u00e4ss.jpg\" alt=\"beceo_Wolfgang_Kr\u00e4ss\" itemprop=\"image\" height=\"600\" width=\"600\"  \/><\/p>\n<h3>\n\t\t\t\tWolfgang Kr\u00e4ss<br \/>\n\t\t\t<\/h3>\n<p>Wolfgang Kr\u00e4ss, Inhaber und Gesch\u00e4ftsf\u00fchrer\u00a0Kr\u00e4ss GlasCon GmbH<\/p>\n<p><a href=\"http:\/\/www.kraess.de\"><img loading=\"lazy\" src=\"https:\/\/mimpu-akademie.de\/wp-content\/uploads\/2017\/11\/beceo_kraess_logo.jpg\" alt=\"\" width=\"171\" height=\"122\" \/><\/a><\/p>\n<h3><\/h3>\n<h2 style=\"text-align: center;\">\u201eAls Mittelst\u00e4ndler k\u00f6nnen wir weniger \u00fcber unsere Marke wirken \u2013 wir brauchen Mund-zu-Mund-Propaganda<\/h2>\n<p style=\"text-align: center;\"><strong>Marco B\u00fchler<\/strong>, Gesch\u00e4ftsf\u00fchrender Gesellschafter beurer GmbH<\/p>\n<h2 style=\"margin: 0cm 0cm 0.0001pt; vertical-align: baseline; text-align: center;\">\u201eMit beCeo f\u00f6rdern wir interne Talente, um sie bei uns durchstarten zu lassen<b>.\u201c <\/b><\/h2>\n<p style=\"margin: 0cm 0cm 0.0001pt; vertical-align: baseline; text-align: center;\"><b>Thomas M\u00fcllersch\u00f6n,<\/b> Vorstandsvorsitzender UZIN UTZ AG, F\u00f6rderer<\/p>\n<h2 style=\"text-align: center;\">\u201ehidden talents for hidden champions. Wir sind sehr begeistert von dieser Werte-Offensive. Unsere Bekanntheit bei jungen Leuten hat zugenommen. Nicht nur unsere eigenen Nachwuchskr\u00e4fte sind dabei, wir konnten auch tolle Talente f\u00fcr uns gewinnen\u201c\u00a0 <\/h2>\n<p style=\"text-align: center;\"><strong>Gerd Stiefel, <\/strong>Stiefel Gruppe,\u00a0 Pr\u00e4sident Club der Industrie, F\u00f6rderer<\/p>\n<h2 style=\"text-align: center;\">\u201eFach-know lernst Du an der Uni. Die F\u00e4higkeit ein Team zu f\u00fchren, bei beCeo!\u201c<\/h2>\n<p style=\"text-align: center;\"><strong>Thomas Striegl<\/strong>,\u00a0 F\u00f6rderer mission one<\/p>\n<h2>\n\t\t\t\tIhre Vorteile als F\u00f6rderer<br \/>\n\t\t\t<\/h2>\n<p>\t\t\t\t<img src=\"https:\/\/mimpu-akademie.de\/wp-content\/uploads\/2017\/10\/beceo-small.png\" alt=\"beceo-small\" itemprop=\"image\"\/><\/p>\n<ul>\n<li>\n<h3>Aufwendige Recruiting-Prozesse \/ Talent-Management<\/h3 >\n<p>Die Suche nach motivierten Talenten ist f\u00fcr Unternehmen meist kostenintensiv und h\u00e4ufig ineffizient. Oft werden von Absolventen bekannte Marken und Konzerne gegen\u00fcber dem Mittelstand bevorzugt. Dieser ist zum Teil wenig bekannt. Die Entwicklung interner Talente wird daher immer wichtiger.<\/p>\n<\/li>\n<li>\n<h3> \tSuche nach Orientierung und ver\u00e4nderte Erwartungen der Generation X, Y<\/h3 >\n<p>Die Generation XY stellt andere Anspr\u00fcche an F\u00fchrung und Organisationen. Viele suchen nach sinnvollen Leistungs-m\u00f6glichkeiten und w\u00fcnschen sich werteorientierte Arbeitgeber. Das \u00dcberangebot an Bachelor-Absolventen ist so gro\u00df wie nie.<\/p>\n<\/li>\n<li>\n<h3>Unsicherheiten, Werte- und Bewusstseinswandel<\/h3 >\n<p>Wirtschaftliche und gesellschaftliche Ver\u00e4nderungen stellen neue Herausforderungen an F\u00fchrungskr\u00e4fte.<\/p>\n<\/li>\n<\/ul>\n<p>\t<iframe loading=\"lazy\" width=\"600\" height=\"400\" src=\"https:\/\/www.youtube.com\/embed\/JdONdWVFos0\" frameborder=\"0\" allowfullscreen><\/iframe><\/p>\n<h2>\n\t\t\t\tSie haben Interesse beCeo als F\u00f6rderer zu unterst\u00fctzen? Dann melden Sie sich jederzeit gerne bei uns.<br \/>\n\t\t\t<\/h2>\n<p>\t\t\t<a href=\"\/index.php\/home\/kontakt\/\" target=\"_self\" role=\"button\"><br \/>\n\t\t\t\t\t\tMelden Sie sich bei uns<br \/>\n\t\t\t\t\t<\/a><\/p>\n","protected":false},"excerpt":{"rendered":"<p>beCeo &#8211; F\u00f6rderer beCeo &#8211; F\u00f6rderer Dirk Euggeling Dirk Euggeling, Kaufm\u00e4nnischer Leiter Colt International\u00a0 \u00a0 \u00a0 \u00a0 \u00a0 \u00a0 Gerd Stiefel Gerd Stiefel, Inhaber der Fritz Stiefel GmbH, Pr\u00e4sident des Clubs der Industrie Ulm\/Neu, Vorsitzender der Regionalversammlung der IHK Neu-Ulm \u00a0 Marco B\u00fchler Marco B\u00fchler, Inhaber und Gesch\u00e4ftsf\u00fchrer der Beurer GmbH \u00a0 \u00a0 Thomas Weskamp&hellip;<\/p>\n","protected":false},"author":1,"featured_media":0,"parent":0,"menu_order":0,"comment_status":"closed","ping_status":"closed","template":"","meta":[],"yoast_head":"<!-- This site is optimized with the Yoast SEO plugin v19.8 - https:\/\/yoast.com\/wordpress\/plugins\/seo\/ -->\n<title>F\u00f6rderer - MIMPU AKADEMIE<\/title>\n<meta name=\"robots\" content=\"index, follow, max-snippet:-1, max-image-preview:large, max-video-preview:-1\" \/>\n<link rel=\"canonical\" href=\"https:\/\/mimpu-akademie.de\/index.php\/foerderer\/\" \/>\n<meta property=\"og:locale\" content=\"de_DE\" \/>\n<meta property=\"og:type\" content=\"article\" \/>\n<meta property=\"og:title\" content=\"F\u00f6rderer - MIMPU AKADEMIE\" \/>\n<meta property=\"og:description\" content=\"beCeo &#8211; F\u00f6rderer beCeo &#8211; F\u00f6rderer Dirk Euggeling Dirk Euggeling, Kaufm\u00e4nnischer Leiter Colt International\u00a0 \u00a0 \u00a0 \u00a0 \u00a0 \u00a0 Gerd Stiefel Gerd Stiefel, Inhaber der Fritz Stiefel GmbH, Pr\u00e4sident des Clubs der Industrie Ulm\/Neu, Vorsitzender der Regionalversammlung der IHK Neu-Ulm \u00a0 Marco B\u00fchler Marco B\u00fchler, Inhaber und Gesch\u00e4ftsf\u00fchrer der Beurer GmbH \u00a0 \u00a0 Thomas Weskamp&hellip;\" \/>\n<meta property=\"og:url\" content=\"https:\/\/mimpu-akademie.de\/index.php\/foerderer\/\" \/>\n<meta property=\"og:site_name\" content=\"MIMPU AKADEMIE\" \/>\n<meta property=\"article:publisher\" content=\"https:\/\/www.facebook.com\/beceoglobal\/\" \/>\n<meta property=\"article:modified_time\" content=\"2018-02-17T21:01:08+00:00\" \/>\n<meta property=\"og:image\" content=\"https:\/\/mimpu-akademie.de\/wp-content\/uploads\/2017\/10\/beceo-small.png\" \/>\n<meta name=\"twitter:card\" content=\"summary_large_image\" \/>\n<meta name=\"twitter:label1\" content=\"Gesch\u00e4tzte Lesezeit\" \/>\n\t<meta name=\"twitter:data1\" content=\"2\u00a0Minuten\" \/>\n<script type=\"application\/ld+json\" class=\"yoast-schema-graph\">{\"@context\":\"https:\/\/schema.org\",\"@graph\":[{\"@type\":\"WebPage\",\"@id\":\"https:\/\/mimpu-akademie.de\/index.php\/foerderer\/\",\"url\":\"https:\/\/mimpu-akademie.de\/index.php\/foerderer\/\",\"name\":\"F\u00f6rderer - MIMPU AKADEMIE\",\"isPartOf\":{\"@id\":\"https:\/\/mimpu-akademie.de\/#website\"},\"datePublished\":\"2017-11-03T12:23:44+00:00\",\"dateModified\":\"2018-02-17T21:01:08+00:00\",\"breadcrumb\":{\"@id\":\"https:\/\/mimpu-akademie.de\/index.php\/foerderer\/#breadcrumb\"},\"inLanguage\":\"de\",\"potentialAction\":[{\"@type\":\"ReadAction\",\"target\":[\"https:\/\/mimpu-akademie.de\/index.php\/foerderer\/\"]}]},{\"@type\":\"BreadcrumbList\",\"@id\":\"https:\/\/mimpu-akademie.de\/index.php\/foerderer\/#breadcrumb\",\"itemListElement\":[{\"@type\":\"ListItem\",\"position\":1,\"name\":\"Startseite\",\"item\":\"https:\/\/mimpu-akademie.de\/\"},{\"@type\":\"ListItem\",\"position\":2,\"name\":\"F\u00f6rderer\"}]},{\"@type\":\"WebSite\",\"@id\":\"https:\/\/mimpu-akademie.de\/#website\",\"url\":\"https:\/\/mimpu-akademie.de\/\",\"name\":\"MIMPU AKADEMIE\",\"description\":\"\",\"publisher\":{\"@id\":\"https:\/\/mimpu-akademie.de\/#organization\"},\"potentialAction\":[{\"@type\":\"SearchAction\",\"target\":{\"@type\":\"EntryPoint\",\"urlTemplate\":\"https:\/\/mimpu-akademie.de\/?s={search_term_string}\"},\"query-input\":\"required name=search_term_string\"}],\"inLanguage\":\"de\"},{\"@type\":\"Organization\",\"@id\":\"https:\/\/mimpu-akademie.de\/#organization\",\"name\":\"MIMPU AKADEMIE\",\"url\":\"https:\/\/mimpu-akademie.de\/\",\"sameAs\":[\"https:\/\/www.facebook.com\/beceoglobal\/\"],\"logo\":{\"@type\":\"ImageObject\",\"inLanguage\":\"de\",\"@id\":\"https:\/\/mimpu-akademie.de\/#\/schema\/logo\/image\/\",\"url\":\"https:\/\/mimpu-akademie.de\/wp-content\/uploads\/2020\/02\/MIMPU_LOGO_MENSCH.png\",\"contentUrl\":\"https:\/\/mimpu-akademie.de\/wp-content\/uploads\/2020\/02\/MIMPU_LOGO_MENSCH.png\",\"width\":4001,\"height\":1175,\"caption\":\"MIMPU AKADEMIE\"},\"image\":{\"@id\":\"https:\/\/mimpu-akademie.de\/#\/schema\/logo\/image\/\"}}]}<\/script>\n<!-- \/ Yoast SEO plugin. -->","yoast_head_json":{"title":"F\u00f6rderer - MIMPU AKADEMIE","robots":{"index":"index","follow":"follow","max-snippet":"max-snippet:-1","max-image-preview":"max-image-preview:large","max-video-preview":"max-video-preview:-1"},"canonical":"https:\/\/mimpu-akademie.de\/index.php\/foerderer\/","og_locale":"de_DE","og_type":"article","og_title":"F\u00f6rderer - MIMPU AKADEMIE","og_description":"beCeo &#8211; F\u00f6rderer beCeo &#8211; F\u00f6rderer Dirk Euggeling Dirk Euggeling, Kaufm\u00e4nnischer Leiter Colt International\u00a0 \u00a0 \u00a0 \u00a0 \u00a0 \u00a0 Gerd Stiefel Gerd Stiefel, Inhaber der Fritz Stiefel GmbH, Pr\u00e4sident des Clubs der Industrie Ulm\/Neu, Vorsitzender der Regionalversammlung der IHK Neu-Ulm \u00a0 Marco B\u00fchler Marco B\u00fchler, Inhaber und Gesch\u00e4ftsf\u00fchrer der Beurer GmbH \u00a0 \u00a0 Thomas Weskamp&hellip;","og_url":"https:\/\/mimpu-akademie.de\/index.php\/foerderer\/","og_site_name":"MIMPU AKADEMIE","article_publisher":"https:\/\/www.facebook.com\/beceoglobal\/","article_modified_time":"2018-02-17T21:01:08+00:00","og_image":[{"url":"https:\/\/mimpu-akademie.de\/wp-content\/uploads\/2017\/10\/beceo-small.png"}],"twitter_card":"summary_large_image","twitter_misc":{"Gesch\u00e4tzte Lesezeit":"2\u00a0Minuten"},"schema":{"@context":"https:\/\/schema.org","@graph":[{"@type":"WebPage","@id":"https:\/\/mimpu-akademie.de\/index.php\/foerderer\/","url":"https:\/\/mimpu-akademie.de\/index.php\/foerderer\/","name":"F\u00f6rderer - MIMPU AKADEMIE","isPartOf":{"@id":"https:\/\/mimpu-akademie.de\/#website"},"datePublished":"2017-11-03T12:23:44+00:00","dateModified":"2018-02-17T21:01:08+00:00","breadcrumb":{"@id":"https:\/\/mimpu-akademie.de\/index.php\/foerderer\/#breadcrumb"},"inLanguage":"de","potentialAction":[{"@type":"ReadAction","target":["https:\/\/mimpu-akademie.de\/index.php\/foerderer\/"]}]},{"@type":"BreadcrumbList","@id":"https:\/\/mimpu-akademie.de\/index.php\/foerderer\/#breadcrumb","itemListElement":[{"@type":"ListItem","position":1,"name":"Startseite","item":"https:\/\/mimpu-akademie.de\/"},{"@type":"ListItem","position":2,"name":"F\u00f6rderer"}]},{"@type":"WebSite","@id":"https:\/\/mimpu-akademie.de\/#website","url":"https:\/\/mimpu-akademie.de\/","name":"MIMPU AKADEMIE","description":"","publisher":{"@id":"https:\/\/mimpu-akademie.de\/#organization"},"potentialAction":[{"@type":"SearchAction","target":{"@type":"EntryPoint","urlTemplate":"https:\/\/mimpu-akademie.de\/?s={search_term_string}"},"query-input":"required name=search_term_string"}],"inLanguage":"de"},{"@type":"Organization","@id":"https:\/\/mimpu-akademie.de\/#organization","name":"MIMPU AKADEMIE","url":"https:\/\/mimpu-akademie.de\/","sameAs":["https:\/\/www.facebook.com\/beceoglobal\/"],"logo":{"@type":"ImageObject","inLanguage":"de","@id":"https:\/\/mimpu-akademie.de\/#\/schema\/logo\/image\/","url":"https:\/\/mimpu-akademie.de\/wp-content\/uploads\/2020\/02\/MIMPU_LOGO_MENSCH.png","contentUrl":"https:\/\/mimpu-akademie.de\/wp-content\/uploads\/2020\/02\/MIMPU_LOGO_MENSCH.png","width":4001,"height":1175,"caption":"MIMPU AKADEMIE"},"image":{"@id":"https:\/\/mimpu-akademie.de\/#\/schema\/logo\/image\/"}}]}},"_links":{"self":[{"href":"https:\/\/mimpu-akademie.de\/index.php\/wp-json\/wp\/v2\/pages\/166"}],"collection":[{"href":"https:\/\/mimpu-akademie.de\/index.php\/wp-json\/wp\/v2\/pages"}],"about":[{"href":"https:\/\/mimpu-akademie.de\/index.php\/wp-json\/wp\/v2\/types\/page"}],"author":[{"embeddable":true,"href":"https:\/\/mimpu-akademie.de\/index.php\/wp-json\/wp\/v2\/users\/1"}],"replies":[{"embeddable":true,"href":"https:\/\/mimpu-akademie.de\/index.php\/wp-json\/wp\/v2\/comments?post=166"}],"version-history":[{"count":20,"href":"https:\/\/mimpu-akademie.de\/index.php\/wp-json\/wp\/v2\/pages\/166\/revisions"}],"predecessor-version":[{"id":353,"href":"https:\/\/mimpu-akademie.de\/index.php\/wp-json\/wp\/v2\/pages\/166\/revisions\/353"}],"wp:attachment":[{"href":"https:\/\/mimpu-akademie.de\/index.php\/wp-json\/wp\/v2\/media?parent=166"}],"curies":[{"name":"wp","href":"https:\/\/api.w.org\/{rel}","templated":true}]}}